{"id":438,"date":"2023-11-29T05:12:01","date_gmt":"2023-11-29T05:12:01","guid":{"rendered":"https:\/\/themeholy.com\/wordpress\/konsal\/?page_id=438"},"modified":"2024-02-24T14:47:54","modified_gmt":"2024-02-24T11:47:54","slug":"hakkimizda","status":"publish","type":"page","link":"https:\/\/wtdemo.link\/kombiteknik\/hakkimizda","title":{"rendered":"HAKKIMIZDA"},"content":{"rendered":"\t\t<div data-elementor-type=\"wp-page\" data-elementor-id=\"438\" class=\"elementor elementor-438\">\n\t\t\t\t<div class=\"elementor-element elementor-element-36ebd8d6 e-flex e-con-boxed e-con e-parent\" data-id=\"36ebd8d6\" data-element_type=\"container\" data-settings=\"{&quot;background_background&quot;:&quot;slideshow&quot;,&quot;background_slideshow_gallery&quot;:[{&quot;id&quot;:1517,&quot;url&quot;:&quot;https:\\\/\\\/wtdemo.link\\\/kombiteknik\\\/wp-content\\\/uploads\\\/2024\\\/02\\\/bgmenu.png&quot;}],&quot;content_width&quot;:&quot;boxed&quot;,&quot;background_slideshow_loop&quot;:&quot;yes&quot;,&quot;background_slideshow_slide_duration&quot;:5000,&quot;background_slideshow_slide_transition&quot;:&quot;fade&quot;,&quot;background_slideshow_transition_duration&quot;:500}\" data-core-v316-plus=\"true\">\n\t\t\t\t\t<div class=\"e-con-inner\">\n\t\t<div class=\"elementor-element elementor-element-660febfa e-con-full e-flex e-con e-child\" data-id=\"660febfa\" data-element_type=\"container\" data-settings=\"{&quot;content_width&quot;:&quot;full&quot;}\">\n\t\t\t\t<div class=\"elementor-element elementor-element-75ddc474 elementor-widget elementor-widget-konsalgrpimg\" data-id=\"75ddc474\" data-element_type=\"widget\" data-widget_type=\"konsalgrpimg.default\">\n\t\t\t\t<div class=\"elementor-widget-container\">\n\t\t\t<div class=\"img-box3\"><div class=\"img1\"><img decoding=\"async\" src=\"https:\/\/wtdemo.link\/kombiteknik\/wp-content\/uploads\/2024\/02\/ana2.png\" alt=\"ana2\"  \/><\/div><div class=\"img2 jump\"><img decoding=\"async\" src=\"https:\/\/wtdemo.link\/kombiteknik\/wp-content\/uploads\/2024\/02\/ana1.png\" alt=\"ana1\"  \/><\/div><\/div>\t\t<\/div>\n\t\t\t\t<\/div>\n\t\t\t\t<\/div>\n\t\t<div class=\"elementor-element elementor-element-46ed5704 e-con-full about-wrap1 e-flex e-con e-child\" data-id=\"46ed5704\" data-element_type=\"container\" data-settings=\"{&quot;content_width&quot;:&quot;full&quot;}\">\n\t\t\t\t<div class=\"elementor-element elementor-element-3995c8b0 elementor-widget elementor-widget-konsalsectiontitle\" data-id=\"3995c8b0\" data-element_type=\"widget\" data-widget_type=\"konsalsectiontitle.default\">\n\t\t\t\t<div class=\"elementor-widget-container\">\n\t\t\t<div class=\"title-area mb-30\" ><h3 class=\"sec-title  title-selector\">Do\u011fru \u00c7\u00f6z\u00fcm Kombi Servisi<\/h3><p class=\"desc-selector sec-text\">Kombi markalar\u0131nda uzman teknik destek ekibimiz ve kurumsal firma anlay\u0131\u015f\u0131m\u0131z ile Sancaktepe b\u00f6lgesinde Kombi Servisi ihtiya\u00e7lar\u0131n\u0131zda hizimetinizdeyiz.<\/p><\/div>\t\t<\/div>\n\t\t\t\t<\/div>\n\t\t\t\t<div class=\"elementor-element elementor-element-4ae80baf elementor-widget elementor-widget-text-editor\" data-id=\"4ae80baf\" data-element_type=\"widget\" data-widget_type=\"text-editor.default\">\n\t\t\t\t<div class=\"elementor-widget-container\">\n\t\t\t<style>\/*! elementor - v3.19.0 - 07-02-2024 *\/\n.elementor-widget-text-editor.elementor-drop-cap-view-stacked .elementor-drop-cap{background-color:#69727d;color:#fff}.elementor-widget-text-editor.elementor-drop-cap-view-framed .elementor-drop-cap{color:#69727d;border:3px solid;background-color:transparent}.elementor-widget-text-editor:not(.elementor-drop-cap-view-default) .elementor-drop-cap{margin-top:8px}.elementor-widget-text-editor:not(.elementor-drop-cap-view-default) .elementor-drop-cap-letter{width:1em;height:1em}.elementor-widget-text-editor .elementor-drop-cap{float:left;text-align:center;line-height:1;font-size:50px}.elementor-widget-text-editor .elementor-drop-cap-letter{display:inline-block}<\/style>\t\t\t\t<div class=\"about-checklist-wrap\"><div class=\"checklist\"><ul><li><i class=\"fas fa-square-check\"><\/i> Kombi Ar\u0131za Servisi<\/li><li><i class=\"fas fa-square-check\"><\/i>Sancaktepe Kombi De\u011fi\u015fimi<\/li><li><i class=\"fas fa-square-check\"><\/i> Orjinal Yedek Par\u00e7a Deste\u011fi<\/li><\/ul><\/div><div class=\"checklist\"><ul><li><i class=\"fas fa-square-check\"><\/i> Sancaktepe Petek Temizli\u011fi<\/li><li><i class=\"fas fa-square-check\"><\/i> Sancaktepe Kombi Servisi<\/li><li><i class=\"fas fa-square-check\"><\/i> Sancaktepe \u015eofben Tamiri<\/li><\/ul><\/div><\/div>\t\t\t\t\t\t<\/div>\n\t\t\t\t<\/div>\n\t\t<div class=\"elementor-element elementor-element-5158bf95 e-con-full e-flex e-con e-child\" data-id=\"5158bf95\" data-element_type=\"container\" data-settings=\"{&quot;content_width&quot;:&quot;full&quot;}\">\n\t\t\t\t<\/div>\n\t\t\t\t<\/div>\n\t\t\t\t\t<\/div>\n\t\t\t\t<\/div>\n\t\t<div class=\"elementor-element elementor-element-04fdc56 e-flex e-con-boxed e-con e-parent\" data-id=\"04fdc56\" data-element_type=\"container\" data-settings=\"{&quot;background_background&quot;:&quot;classic&quot;,&quot;content_width&quot;:&quot;boxed&quot;}\" data-core-v316-plus=\"true\">\n\t\t\t\t\t<div class=\"e-con-inner\">\n\t\t<div class=\"elementor-element elementor-element-4a090e7 e-flex e-con-boxed e-con e-child\" data-id=\"4a090e7\" data-element_type=\"container\" data-settings=\"{&quot;content_width&quot;:&quot;boxed&quot;}\">\n\t\t\t\t\t<div class=\"e-con-inner\">\n\t\t\t\t<div class=\"elementor-element elementor-element-3861feb elementor-widget elementor-widget-text-editor\" data-id=\"3861feb\" data-element_type=\"widget\" data-widget_type=\"text-editor.default\">\n\t\t\t\t<div class=\"elementor-widget-container\">\n\t\t\t\t\t\t\t<p><span style=\"color: #ffffff;\">Do\u011fru \u00c7\u00f6z\u00fcm Firmas\u0131, Sancaktepe ve \u00e7evresinde kombi servisi hizmetleri sunan bir kurulu\u015ftur. Uzman ekibimiz ve y\u0131llar\u0131n vermi\u015f oldu\u011fu deneyimle, m\u00fc\u015fterilerimize kaliteli ve g\u00fcvenilir hizmetler sunmay\u0131 ama\u00e7lamaktay\u0131z.<\/span><\/p><p><span style=\"color: #ffffff;\">Kombi servisi ihtiyac\u0131n\u0131z oldu\u011funda, do\u011fru se\u00e7imi yapmak olduk\u00e7a \u00f6nemlidir. Bu nedenle Do\u011fru \u00c7\u00f6z\u00fcm Firmas\u0131 olarak sizlere en iyi hizmetleri sunabilmek i\u00e7in s\u00fcrekli kendimizi geli\u015ftiriyoruz. Sundu\u011fumuz hizmetler aras\u0131nda kombi tamiri, bak\u0131m\u0131, montaj\u0131 ve de\u011fi\u015fimi gibi konular bulunmaktad\u0131r.<\/span><\/p><p><span style=\"color: #ffffff;\">Evinizin veya i\u015f yerinizin s\u0131cakl\u0131k ayar\u0131n\u0131 sa\u011flayan kombilerin d\u00fczenli olarak bak\u0131m\u0131n\u0131n yap\u0131lmas\u0131 gerekmektedir. Bunun i\u00e7in uzman ekibimiz sayesinde kombinizin performans\u0131n\u0131 artt\u0131rabilir ve daha uzun \u00f6m\u00fcrl\u00fc olmas\u0131n\u0131 sa\u011flayabilirsiniz. Ayr\u0131ca periyodik bak\u0131mlarla kombinizde meydana gelebilecek ar\u0131zalar\u0131n \u00f6n\u00fcne ge\u00e7ebilirsiniz. Biz Do\u011fru \u00c7\u00f6z\u00fcm Firmas\u0131 olarak b\u00fct\u00fcn marka ve modellerdeki kombilerinizin bak\u0131m ve onar\u0131mlar\u0131n\u0131 ger\u00e7ekle\u015ftirmekteyiz.<\/span><\/p><p><span style=\"color: #ffffff;\">Kombinizde herhangi bir ar\u0131za durumunda da Do\u011fru \u00c7\u00f6z\u00fcm Firmas\u0131 yan\u0131n\u0131zdad\u0131r. H\u0131zl\u0131 ve g\u00fcvenilir hizmet anlay\u0131\u015f\u0131m\u0131zla kombi tamirlerinizde sizlere en iyi \u00e7\u00f6z\u00fcmleri sunmaktay\u0131z. Uzman ekibimiz sayesinde kombinizin sorunlar\u0131na k\u0131sa s\u00fcrede m\u00fcdahale ederek, size konforlu bir ortam sa\u011fl\u0131yoruz.<\/span><\/p><p><span style=\"color: #ffffff;\">Kombi de\u011fi\u015fimi gerekti\u011finde de Do\u011fru \u00c7\u00f6z\u00fcm Firmas\u0131 olarak yan\u0131n\u0131zday\u0131z. Eski ve \u00e7al\u0131\u015fmayan bir kombiyi de\u011fi\u015ftirmek, yeni bir kombinin montaj\u0131n\u0131 ger\u00e7ekle\u015ftirmek olduk\u00e7a \u00f6nemlidir. Bu i\u015flemin profesyonel ellere b\u0131rak\u0131lmas\u0131 hem zaman hem de maddi a\u00e7\u0131dan tasarruf etmenizi sa\u011flar. Kombi se\u00e7iminde size yard\u0131mc\u0131 olmak ve do\u011fru \u00fcr\u00fcn\u00fc se\u00e7menize yard\u0131mc\u0131 olmak i\u00e7in uzman ekibimizle sizlere hizmet sunmaktay\u0131z.<\/span><\/p><p><span style=\"color: #ffffff;\">Do\u011fru \u00c7\u00f6z\u00fcm Firmas\u0131 olarak m\u00fc\u015fteri memnuniyetini \u00f6n planda tutuyor ve en iyi hizmetleri sunmay\u0131 ama\u00e7l\u0131yoruz. Sancaktepe ve \u00e7evresinde kombi servisi konusunda bize g\u00fcvenebilir, her t\u00fcrl\u00fc sorununuzda bizimle ileti\u015fime ge\u00e7ebilirsiniz.<\/span><\/p><p><span style=\"color: #ffffff;\">Kombi servisi konusunda geni\u015f bir hizmet yelpazesine sahibiz. Kombinizin montaj\u0131ndan bak\u0131m\u0131na, tamirinden yedek par\u00e7a de\u011fi\u015fimine kadar t\u00fcm i\u015flemleri kapsayan profesyonel bir hizmet anlay\u0131\u015f\u0131yla \u00e7al\u0131\u015fmaktay\u0131z. M\u00fc\u015fterilerimizin kombi sorunlar\u0131na do\u011fru te\u015fhis koyarak etkili \u00e7\u00f6z\u00fcmler \u00fcretiyoruz.<\/span><\/p><p><span style=\"color: #ffffff;\">Do\u011fru \u00c7\u00f6z\u00fcm Firmam\u0131z\u0131n ba\u015fl\u0131ca \u00f6ncelikleri aras\u0131nda m\u00fc\u015fteri memnuniyeti yer almaktad\u0131r. Bu nedenle her zaman kaliteli ve g\u00fcler y\u00fczl\u00fc hizmet vermeye \u00f6zen g\u00f6steriyoruz. Ayr\u0131ca i\u015flerimizin tamamlanmas\u0131n\u0131n ard\u0131ndan da m\u00fc\u015fterilerimizin g\u00f6r\u00fc\u015flerine b\u00fcy\u00fck \u00f6nem veriyoruz. Bize yap\u0131lan geribildirimler sayesinde kendimizi s\u00fcrekli geli\u015ftiriyor ve daha iyi hizmet sunabiliyoruz.<\/span><\/p><p><span style=\"color: #ffffff;\">Do\u011fru \u00c7\u00f6z\u00fcm Firmam\u0131z\u0131n di\u011fer bir \u00f6zelli\u011fi ise h\u0131zl\u0131 ve zaman\u0131nda \u00e7\u00f6z\u00fcmler \u00fcretmesidir. Kombi sorunlar\u0131n\u0131n acil bir durum olu\u015fturabilece\u011finin fark\u0131nday\u0131z ve bu nedenle en k\u0131sa s\u00fcrede m\u00fcdahale ederek sorunlar\u0131 gideriyoruz. Ayr\u0131ca m\u00fc\u015fterilerimizin zaman\u0131n\u0131 da \u00f6nemsiyor, belirlenen randevu saatlerine uyarak gereksiz bekleme s\u00fcrelerini ortadan kald\u0131r\u0131yoruz.<\/span><\/p><p><span style=\"color: #ffffff;\">Firmam\u0131zda \u00e7al\u0131\u015fan ekip arkada\u015flar\u0131m\u0131z alan\u0131nda uzman ve sertifikal\u0131 ki\u015filerden olu\u015fmaktad\u0131r. Bu sayede m\u00fc\u015fterilerimize y\u00fcksek kalitede hizmet sunabilmekteyiz. Ayr\u0131ca kombi servisi konusunda s\u00fcrekli e\u011fitimlere kat\u0131larak kendimizi geli\u015ftiriyor ve yenilikleri takip ediyoruz.<\/span><\/p><p><span style=\"color: #ffffff;\">Sonu\u00e7 olarak, Do\u011fru \u00c7\u00f6z\u00fcm Firmam\u0131z m\u00fc\u015fterilerine en iyi hizmeti sunarak kombi sorunlar\u0131n\u0131 gidermeyi ama\u00e7lamaktad\u0131r. G\u00fcvenilir, kaliteli ve h\u0131zl\u0131 \u00e7\u00f6z\u00fcmler \u00fcreten firmam\u0131z\u0131n m\u00fc\u015fteri memnuniyetini her zaman \u00f6n planda tutmas\u0131 sayesinde sekt\u00f6rdeki ba\u015far\u0131s\u0131n\u0131 s\u00fcrd\u00fcrmektedir.<\/span><\/p>\t\t\t\t\t\t<\/div>\n\t\t\t\t<\/div>\n\t\t\t\t\t<\/div>\n\t\t\t\t<\/div>\n\t\t\t\t\t<\/div>\n\t\t\t\t<\/div>\n\t\t\t\t<\/div>\n\t\t","protected":false},"excerpt":{"rendered":"<p>Do\u011fru \u00c7\u00f6z\u00fcm Kombi Servisi Kombi markalar\u0131nda uzman teknik destek ekibimiz ve kurumsal firma anlay\u0131\u015f\u0131m\u0131z ile Sancaktepe b\u00f6lgesinde Kombi Servisi ihtiya\u00e7lar\u0131n\u0131zda hizimetinizdeyiz. Kombi Ar\u0131za Servisi Sancaktepe Kombi De\u011fi\u015fimi Orjinal Yedek Par\u00e7a Deste\u011fi Sancaktepe Petek Temizli\u011fi Sancaktepe Kombi Servisi Sancaktepe \u015eofben Tamiri Do\u011fru \u00c7\u00f6z\u00fcm Firmas\u0131, Sancaktepe ve \u00e7evresinde kombi servisi hizmetleri sunan bir kurulu\u015ftur. Uzman ekibimiz ve&#8230;<\/p>\n","protected":false},"author":1,"featured_media":0,"parent":0,"menu_order":0,"comment_status":"closed","ping_status":"closed","template":"template-builder.php","meta":{"footnotes":""},"class_list":["post-438","page","type-page","status-publish","hentry"],"_links":{"self":[{"href":"https:\/\/wtdemo.link\/kombiteknik\/wp-json\/wp\/v2\/pages\/438","targetHints":{"allow":["GET"]}}],"collection":[{"href":"https:\/\/wtdemo.link\/kombiteknik\/wp-json\/wp\/v2\/pages"}],"about":[{"href":"https:\/\/wtdemo.link\/kombiteknik\/wp-json\/wp\/v2\/types\/page"}],"author":[{"embeddable":true,"href":"https:\/\/wtdemo.link\/kombiteknik\/wp-json\/wp\/v2\/users\/1"}],"replies":[{"embeddable":true,"href":"https:\/\/wtdemo.link\/kombiteknik\/wp-json\/wp\/v2\/comments?post=438"}],"version-history":[{"count":0,"href":"https:\/\/wtdemo.link\/kombiteknik\/wp-json\/wp\/v2\/pages\/438\/revisions"}],"wp:attachment":[{"href":"https:\/\/wtdemo.link\/kombiteknik\/wp-json\/wp\/v2\/media?parent=438"}],"curies":[{"name":"wp","href":"https:\/\/api.w.org\/{rel}","templated":true}]}}