{"id":439,"date":"2023-11-29T05:12:07","date_gmt":"2023-11-29T05:12:07","guid":{"rendered":"https:\/\/themeholy.com\/wordpress\/konsal\/?page_id=439"},"modified":"2024-10-15T14:16:02","modified_gmt":"2024-10-15T11:16:02","slug":"iletisim","status":"publish","type":"page","link":"https:\/\/wtdemo.link\/kombiteknik\/iletisim","title":{"rendered":"\u0130LET\u0130\u015e\u0130M"},"content":{"rendered":"\t\t<div data-elementor-type=\"wp-page\" data-elementor-id=\"439\" class=\"elementor elementor-439\">\n\t\t\t\t<div class=\"elementor-element elementor-element-5eef652 e-flex e-con-boxed e-con e-parent\" data-id=\"5eef652\" data-element_type=\"container\" data-settings=\"{&quot;content_width&quot;:&quot;boxed&quot;}\" data-core-v316-plus=\"true\">\n\t\t\t\t\t<div class=\"e-con-inner\">\n\t\t<div class=\"elementor-element elementor-element-0bce253 e-con-full e-flex e-con e-child\" data-id=\"0bce253\" data-element_type=\"container\" data-settings=\"{&quot;content_width&quot;:&quot;full&quot;}\">\n\t\t\t\t<div class=\"elementor-element elementor-element-7b54ecd elementor-widget elementor-widget-konsalcontactform\" data-id=\"7b54ecd\" data-element_type=\"widget\" data-widget_type=\"konsalcontactform.default\">\n\t\t\t\t<div class=\"elementor-widget-container\">\n\t\t\t<div class=\"contact-form-v1 bg-smoke\" data-bg-src=\"https:\/\/themeholy.com\/wordpress\/konsal\/wp-content\/uploads\/2023\/12\/contact_bg_2.png\"><h3 class=\"fs-40 mb-30 mt-n2 title\">\u0130LET\u0130\u015e\u0130M FORMU<\/h3><div class=\"contact-form ajax-contact\">\n<div class=\"wpcf7 no-js\" id=\"wpcf7-f1324-o1\" lang=\"en-US\" dir=\"ltr\">\n<div class=\"screen-reader-response\"><p role=\"status\" aria-live=\"polite\" aria-atomic=\"true\"><\/p> <ul><\/ul><\/div>\n<form action=\"\/kombiteknik\/wp-json\/wp\/v2\/pages\/439#wpcf7-f1324-o1\" method=\"post\" class=\"wpcf7-form init\" aria-label=\"Contact form\" novalidate=\"novalidate\" data-status=\"init\">\n<div style=\"display: none;\">\n<input type=\"hidden\" name=\"_wpcf7\" value=\"1324\" \/>\n<input type=\"hidden\" name=\"_wpcf7_version\" value=\"5.9.3\" \/>\n<input type=\"hidden\" name=\"_wpcf7_locale\" value=\"en_US\" \/>\n<input type=\"hidden\" name=\"_wpcf7_unit_tag\" value=\"wpcf7-f1324-o1\" \/>\n<input type=\"hidden\" name=\"_wpcf7_container_post\" value=\"0\" \/>\n<input type=\"hidden\" name=\"_wpcf7_posted_data_hash\" value=\"\" \/>\n<\/div>\n<div class=\"row\">\n\t<div class=\"form-group col-md-12 style-white\">\n<span class=\"wpcf7-form-control-wrap\" data-name=\"text-571\"><input size=\"40\" class=\"wpcf7-form-control wpcf7-text wpcf7-validates-as-required form-control\" id=\"text-571\" aria-required=\"true\" aria-invalid=\"false\" placeholder=\"Write Your Name\" value=\"\" type=\"text\" name=\"text-571\" \/><\/span><i class=\"fal fa-user\"><\/i>\n\t<\/div>\n\t<div class=\"form-group col-md-12 style-white\">\n<span class=\"wpcf7-form-control-wrap\" data-name=\"email-176\"><input size=\"40\" class=\"wpcf7-form-control wpcf7-email wpcf7-validates-as-required wpcf7-text wpcf7-validates-as-email form-control\" id=\"email-176\" aria-required=\"true\" aria-invalid=\"false\" placeholder=\"Email Address\" value=\"\" type=\"email\" name=\"email-176\" \/><\/span><i class=\"fal fa-envelope\"><\/i>\n\t<\/div>\n\t<div class=\"form-group col-md-12 style-white\">\n\t\t<span class=\"wpcf7-form-control-wrap\" data-name=\"number-137\"><input class=\"wpcf7-form-control wpcf7-number wpcf7-validates-as-required wpcf7-validates-as-number form-control\" aria-required=\"true\" aria-invalid=\"false\" placeholder=\"Phone number\" value=\"\" type=\"number\" name=\"number-137\" \/><\/span><i class=\"fal fa-phone\"><\/i>\n\t<\/div>\n\t<div class=\"form-group col-md-12 style-white\">\n<span class=\"wpcf7-form-control-wrap\" data-name=\"menu-755\"><select class=\"wpcf7-form-control wpcf7-select wpcf7-validates-as-required form-select\" id=\"subject\" aria-required=\"true\" aria-invalid=\"false\" name=\"menu-755\"><option value=\"Select Service\">Select Service<\/option><option value=\"Web Development\">Web Development<\/option><option value=\"Brand Marketing\">Brand Marketing<\/option><option value=\"UI\/UX Designing\">UI\/UX Designing<\/option><option value=\"Digital Marketing\">Digital Marketing<\/option><\/select><\/span><i class=\"fal fa-chevron-down\"><\/i>\n\t<\/div>\n\t<div class=\"form-group col-12 style-white\">\n<span class=\"wpcf7-form-control-wrap\" data-name=\"textarea-858\"><textarea cols=\"40\" rows=\"10\" class=\"wpcf7-form-control wpcf7-textarea wpcf7-validates-as-required form-control\" id=\"message\" aria-required=\"true\" aria-invalid=\"false\" placeholder=\"Your Message\" name=\"textarea-858\"><\/textarea><\/span><i class=\"fal fa-comment\"><\/i>\n\t<\/div>\n\t<div class=\"form-btn col-12\">\n\t\t<button class=\"th-btn w-100 wpcf7\">Send Message<\/button>\n\t<\/div>\n<\/div>\n<p class=\"form-messages mb-0 mt-3\"><\/p><div class=\"wpcf7-response-output\" aria-hidden=\"true\"><\/div>\n<\/form>\n<\/div>\n<\/div><\/div>\t\t<\/div>\n\t\t\t\t<\/div>\n\t\t\t\t<\/div>\n\t\t<div class=\"elementor-element elementor-element-e29e03f e-con-full e-flex e-con e-child\" data-id=\"e29e03f\" data-element_type=\"container\" data-settings=\"{&quot;content_width&quot;:&quot;full&quot;}\">\n\t\t\t\t<div class=\"elementor-element elementor-element-da15939 elementor-widget elementor-widget-konsalsectiontitle\" data-id=\"da15939\" data-element_type=\"widget\" data-widget_type=\"konsalsectiontitle.default\">\n\t\t\t\t<div class=\"elementor-widget-container\">\n\t\t\t<div class=\"title-area mb-30\" ><h2 class=\"sec-title  title-selector\">Kombi Servisi'ne Ula\u015f\u0131n<\/h2><p class=\"desc-selector sec-text\">\u0130stanbul ve \u00e7evresinde hizmet veren firmam\u0131za telefon , whatsapp , e-mail ve ileti\u015fim formu arac\u0131l\u0131\u011f\u0131 ile ula\u015fabilirsiniz.<\/p><\/div>\t\t<\/div>\n\t\t\t\t<\/div>\n\t\t\t\t<div class=\"elementor-element elementor-element-f663358 elementor-widget elementor-widget-konsalcontactinfo\" data-id=\"f663358\" data-element_type=\"widget\" data-widget_type=\"konsalcontactinfo.default\">\n\t\t\t\t<div class=\"elementor-widget-container\">\n\t\t\t<div class=\"contact-feature\"><div class=\"box-icon\"><i class=\"fa-light fa-phone\"><\/i><\/div><div class=\"media-body\"><h3 class=\"box-title h5 title\">M\u00fc\u015fteri Hizmetleri<\/h3><p class=\"box-text\">Telefon: <a href=\"tel:+#\">0850 850 85 00<\/a> <br>Email: <a href=\"mailto:#\">kombiservisi@wordpresstema.com<\/a><\/p><\/div><\/div><div class=\"contact-feature\"><div class=\"box-icon\"><i class=\"fa-light fa-location-dot\"><\/i><\/div><div class=\"media-body\"><h3 class=\"box-title h5 title\">Adres<\/h3><p class=\"box-text\">Kad\u0131k\u00f6y \/ \u0130stanbul<\/p><\/div><\/div><div class=\"contact-feature\"><div class=\"box-icon\"><i class=\"fa-light fa-clock\"><\/i><\/div><div class=\"media-body\"><h3 class=\"box-title h5 title\">\u00c7al\u0131\u015fma Saatleri<\/h3><p class=\"box-text\">M\u00fc\u015fteri Hizmetlerimiz 7 g\u00fcn 24 Saat hizmetinizdedir.<\/p><\/div><\/div>\t\t<\/div>\n\t\t\t\t<\/div>\n\t\t\t\t<\/div>\n\t\t\t\t\t<\/div>\n\t\t\t\t<\/div>\n\t\t<div class=\"elementor-element elementor-element-7209fe5 e-con-full e-flex e-con e-parent\" data-id=\"7209fe5\" data-element_type=\"container\" data-settings=\"{&quot;content_width&quot;:&quot;full&quot;}\" data-core-v316-plus=\"true\">\n\t\t\t\t<div class=\"elementor-element elementor-element-18ec304 elementor-widget elementor-widget-google_maps\" data-id=\"18ec304\" data-element_type=\"widget\" data-widget_type=\"google_maps.default\">\n\t\t\t\t<div class=\"elementor-widget-container\">\n\t\t\t<style>\/*! elementor - v3.19.0 - 07-02-2024 *\/\n.elementor-widget-google_maps .elementor-widget-container{overflow:hidden}.elementor-widget-google_maps .elementor-custom-embed{line-height:0}.elementor-widget-google_maps iframe{height:300px}<\/style>\t\t<div class=\"elementor-custom-embed\">\n\t\t\t<iframe loading=\"lazy\"\n\t\t\t\t\tsrc=\"https:\/\/maps.google.com\/maps?q=Sancaktepe%20%C4%B0stanbul&#038;t=m&#038;z=14&#038;output=embed&#038;iwloc=near\"\n\t\t\t\t\ttitle=\"Sancaktepe \u0130stanbul\"\n\t\t\t\t\taria-label=\"Sancaktepe \u0130stanbul\"\n\t\t\t><\/iframe>\n\t\t<\/div>\n\t\t\t\t<\/div>\n\t\t\t\t<\/div>\n\t\t\t\t<\/div>\n\t\t\t\t<\/div>\n\t\t","protected":false},"excerpt":{"rendered":"<p>\u0130LET\u0130\u015e\u0130M FORMU Select ServiceWeb DevelopmentBrand MarketingUI\/UX DesigningDigital Marketing Send Message Kombi Servisi&#8217;ne Ula\u015f\u0131n \u0130stanbul ve \u00e7evresinde hizmet veren firmam\u0131za telefon , whatsapp , e-mail ve ileti\u015fim formu arac\u0131l\u0131\u011f\u0131 ile ula\u015fabilirsiniz. M\u00fc\u015fteri Hizmetleri Telefon: 0850 850 85 00 Email: kombiservisi@wordpresstema.com Adres Kad\u0131k\u00f6y \/ \u0130stanbul \u00c7al\u0131\u015fma Saatleri M\u00fc\u015fteri Hizmetlerimiz 7 g\u00fcn 24 Saat hizmetinizdedir.<\/p>\n","protected":false},"author":1,"featured_media":0,"parent":0,"menu_order":0,"comment_status":"closed","ping_status":"closed","template":"template-builder.php","meta":{"footnotes":""},"class_list":["post-439","page","type-page","status-publish","hentry"],"_links":{"self":[{"href":"https:\/\/wtdemo.link\/kombiteknik\/wp-json\/wp\/v2\/pages\/439","targetHints":{"allow":["GET"]}}],"collection":[{"href":"https:\/\/wtdemo.link\/kombiteknik\/wp-json\/wp\/v2\/pages"}],"about":[{"href":"https:\/\/wtdemo.link\/kombiteknik\/wp-json\/wp\/v2\/types\/page"}],"author":[{"embeddable":true,"href":"https:\/\/wtdemo.link\/kombiteknik\/wp-json\/wp\/v2\/users\/1"}],"replies":[{"embeddable":true,"href":"https:\/\/wtdemo.link\/kombiteknik\/wp-json\/wp\/v2\/comments?post=439"}],"version-history":[{"count":0,"href":"https:\/\/wtdemo.link\/kombiteknik\/wp-json\/wp\/v2\/pages\/439\/revisions"}],"wp:attachment":[{"href":"https:\/\/wtdemo.link\/kombiteknik\/wp-json\/wp\/v2\/media?parent=439"}],"curies":[{"name":"wp","href":"https:\/\/api.w.org\/{rel}","templated":true}]}}