{"id":221,"date":"2019-08-08T09:56:49","date_gmt":"2019-08-08T09:56:49","guid":{"rendered":"https:\/\/airtech2.bolvo.com\/demo-3\/?page_id=221"},"modified":"2024-01-31T01:52:12","modified_gmt":"2024-01-30T22:52:12","slug":"hakkimizda","status":"publish","type":"page","link":"https:\/\/wtdemo.link\/servisler\/1\/hakkimizda","title":{"rendered":"HAKKIMIZDA"},"content":{"rendered":"\t\t<div data-elementor-type=\"wp-post\" data-elementor-id=\"221\" class=\"elementor elementor-221\">\n\t\t\t\t\t\t<section class=\"elementor-section elementor-top-section elementor-element elementor-element-fcc087b elementor-section-boxed elementor-section-height-default elementor-section-height-default\" data-id=\"fcc087b\" data-element_type=\"section\">\n\t\t\t\t\t\t<div class=\"elementor-container elementor-column-gap-no\">\n\t\t\t\t\t<div class=\"elementor-column elementor-col-50 elementor-top-column elementor-element elementor-element-437fc67\" data-id=\"437fc67\" data-element_type=\"column\">\n\t\t\t<div class=\"elementor-widget-wrap elementor-element-populated\">\n\t\t\t\t\t\t<div class=\"elementor-element elementor-element-83d1d33 elementor-widget elementor-widget-text-editor\" data-id=\"83d1d33\" data-element_type=\"widget\" data-widget_type=\"text-editor.default\">\n\t\t\t\t<div class=\"elementor-widget-container\">\n\t\t\t<style>\/*! elementor - v3.19.0 - 29-01-2024 *\/\n.elementor-widget-text-editor.elementor-drop-cap-view-stacked .elementor-drop-cap{background-color:#69727d;color:#fff}.elementor-widget-text-editor.elementor-drop-cap-view-framed .elementor-drop-cap{color:#69727d;border:3px solid;background-color:transparent}.elementor-widget-text-editor:not(.elementor-drop-cap-view-default) .elementor-drop-cap{margin-top:8px}.elementor-widget-text-editor:not(.elementor-drop-cap-view-default) .elementor-drop-cap-letter{width:1em;height:1em}.elementor-widget-text-editor .elementor-drop-cap{float:left;text-align:center;line-height:1;font-size:50px}.elementor-widget-text-editor .elementor-drop-cap-letter{display:inline-block}<\/style>\t\t\t\t<h3>WT Mobil Firmas\u0131 Telefon Tamir Hizmetleri Hakk\u0131nda<\/h3>\n<p>Telefonlar\u0131m\u0131z, tabletlerimiz ve ak\u0131ll\u0131 saatlerimiz art\u0131k hayat\u0131m\u0131z\u0131n ayr\u0131lmaz bir par\u00e7as\u0131 haline geldi. Ancak, ne yaz\u0131k ki bu cihazlar zaman zaman ar\u0131zalanabiliyor veya hasar g\u00f6rebiliyor. \u0130\u015fte tam da bu noktada devreye WT Mobil Firmas\u0131 giriyor!&nbsp;<\/p><p><br><\/p><p>Telefon tamir hizmetleri ile sekt\u00f6rde \u00f6nc\u00fc olan WT Mobil, sizin teknolojik dostunuz olarak her t\u00fcrl\u00fc sorunu \u00e7\u00f6zmek i\u00e7in burada. Bu blog yaz\u0131s\u0131nda, WT Mobil&#8217;in telefon tamir hizmetleri hakk\u0131nda daha fazla bilgi edinecek ve neden onlar\u0131 tercih etmeniz gerekti\u011fini ke\u015ffedeceksiniz.<\/p>\n<p><br><\/p>\n<p><\/p>\n<p><!-- x-tinymce\/html -->WT Mobil, telefon tamir hizmetleri konusunda uzmanla\u015fm\u0131\u015f bir firma olarak m\u00fc\u015fterilere pek \u00e7ok avantaj sunmaktad\u0131r. Bu avantajlar, kullan\u0131c\u0131lar\u0131n telefonlar\u0131ndaki sorunlar\u0131 h\u0131zl\u0131 ve etkili bir \u015fekilde \u00e7\u00f6zebilme imkan\u0131 sa\u011flamaktad\u0131r.<\/p>\n<p><br><\/p>\n<p>\u0130lk olarak, WT Mobil&#8217;in tamir hizmetlerinin en b\u00fcy\u00fck avantaj\u0131 profesyonel ve deneyimli teknisyenlere sahip olmas\u0131d\u0131r. Firma, sekt\u00f6rdeki son teknolojileri takip ederek personellerini s\u00fcrekli olarak e\u011fitmekte ve g\u00fcncel bilgilerle donatmaktad\u0131r.<\/p>\t\t\t\t\t\t<\/div>\n\t\t\t\t<\/div>\n\t\t\t\t\t<\/div>\n\t\t<\/div>\n\t\t\t\t<div class=\"elementor-column elementor-col-50 elementor-top-column elementor-element elementor-element-d940ab0\" data-id=\"d940ab0\" data-element_type=\"column\">\n\t\t\t<div class=\"elementor-widget-wrap elementor-element-populated\">\n\t\t\t\t\t\t<div class=\"elementor-element elementor-element-35c580b elementor-widget elementor-widget-image\" data-id=\"35c580b\" data-element_type=\"widget\" data-widget_type=\"image.default\">\n\t\t\t\t<div class=\"elementor-widget-container\">\n\t\t\t<style>\/*! elementor - v3.19.0 - 29-01-2024 *\/\n.elementor-widget-image{text-align:center}.elementor-widget-image a{display:inline-block}.elementor-widget-image a img[src$=\".svg\"]{width:48px}.elementor-widget-image img{vertical-align:middle;display:inline-block}<\/style>\t\t\t\t\t\t\t\t\t\t<img fetchpriority=\"high\" decoding=\"async\" width=\"800\" height=\"800\" src=\"https:\/\/wtdemo.link\/servisler\/1\/wp-content\/uploads\/2024\/01\/1-3.png\" class=\"attachment-full size-full wp-image-2930\" alt=\"\" srcset=\"https:\/\/wtdemo.link\/servisler\/1\/wp-content\/uploads\/2024\/01\/1-3.png 800w, https:\/\/wtdemo.link\/servisler\/1\/wp-content\/uploads\/2024\/01\/1-3-300x300.png 300w, https:\/\/wtdemo.link\/servisler\/1\/wp-content\/uploads\/2024\/01\/1-3-150x150.png 150w, https:\/\/wtdemo.link\/servisler\/1\/wp-content\/uploads\/2024\/01\/1-3-768x768.png 768w\" sizes=\"(max-width: 800px) 100vw, 800px\" \/>\t\t\t\t\t\t\t\t\t\t\t\t\t<\/div>\n\t\t\t\t<\/div>\n\t\t\t\t\t<\/div>\n\t\t<\/div>\n\t\t\t\t\t<\/div>\n\t\t<\/section>\n\t\t\t\t<section class=\"elementor-section elementor-top-section elementor-element elementor-element-9f526ec elementor-section-boxed elementor-section-height-default elementor-section-height-default\" data-id=\"9f526ec\" data-element_type=\"section\">\n\t\t\t\t\t\t<div class=\"elementor-container elementor-column-gap-no\">\n\t\t\t\t\t<div class=\"elementor-column elementor-col-50 elementor-top-column elementor-element elementor-element-21af82d\" data-id=\"21af82d\" data-element_type=\"column\">\n\t\t\t<div class=\"elementor-widget-wrap elementor-element-populated\">\n\t\t\t\t\t\t<div class=\"elementor-element elementor-element-f39c6b5 elementor-widget elementor-widget-image\" data-id=\"f39c6b5\" data-element_type=\"widget\" data-widget_type=\"image.default\">\n\t\t\t\t<div class=\"elementor-widget-container\">\n\t\t\t\t\t\t\t\t\t\t\t\t\t<img decoding=\"async\" width=\"800\" height=\"800\" src=\"https:\/\/wtdemo.link\/servisler\/1\/wp-content\/uploads\/2024\/01\/2-2.png\" class=\"attachment-full size-full wp-image-2931\" alt=\"\" srcset=\"https:\/\/wtdemo.link\/servisler\/1\/wp-content\/uploads\/2024\/01\/2-2.png 800w, https:\/\/wtdemo.link\/servisler\/1\/wp-content\/uploads\/2024\/01\/2-2-300x300.png 300w, https:\/\/wtdemo.link\/servisler\/1\/wp-content\/uploads\/2024\/01\/2-2-150x150.png 150w, https:\/\/wtdemo.link\/servisler\/1\/wp-content\/uploads\/2024\/01\/2-2-768x768.png 768w\" sizes=\"(max-width: 800px) 100vw, 800px\" \/>\t\t\t\t\t\t\t\t\t\t\t\t\t<\/div>\n\t\t\t\t<\/div>\n\t\t\t\t\t<\/div>\n\t\t<\/div>\n\t\t\t\t<div class=\"elementor-column elementor-col-50 elementor-top-column elementor-element elementor-element-d170799\" data-id=\"d170799\" data-element_type=\"column\">\n\t\t\t<div class=\"elementor-widget-wrap elementor-element-populated\">\n\t\t\t\t\t\t<div class=\"elementor-element elementor-element-906a346 elementor-widget elementor-widget-text-editor\" data-id=\"906a346\" data-element_type=\"widget\" data-widget_type=\"text-editor.default\">\n\t\t\t\t<div class=\"elementor-widget-container\">\n\t\t\t\t\t\t\t<h3>WT Mobil Firmas\u0131 Telefon Tamir Hizmetleri Hakk\u0131nda<\/h3>\n<p>Telefonlar\u0131m\u0131z, tabletlerimiz ve ak\u0131ll\u0131 saatlerimiz art\u0131k hayat\u0131m\u0131z\u0131n ayr\u0131lmaz bir par\u00e7as\u0131 haline geldi. Ancak, ne yaz\u0131k ki bu cihazlar zaman zaman ar\u0131zalanabiliyor veya hasar g\u00f6rebiliyor. \u0130\u015fte tam da bu noktada devreye WT Mobil Firmas\u0131 giriyor!&nbsp;<\/p><p><br><\/p><p>Telefon tamir hizmetleri ile sekt\u00f6rde \u00f6nc\u00fc olan WT Mobil, sizin teknolojik dostunuz olarak her t\u00fcrl\u00fc sorunu \u00e7\u00f6zmek i\u00e7in burada. Bu blog yaz\u0131s\u0131nda, WT Mobil&#8217;in telefon tamir hizmetleri hakk\u0131nda daha fazla bilgi edinecek ve neden onlar\u0131 tercih etmeniz gerekti\u011fini ke\u015ffedeceksiniz.<\/p>\n<p><br><\/p>\n<p><\/p>\n<p><!-- x-tinymce\/html -->WT Mobil, telefon tamir hizmetleri konusunda uzmanla\u015fm\u0131\u015f bir firma olarak m\u00fc\u015fterilere pek \u00e7ok avantaj sunmaktad\u0131r. Bu avantajlar, kullan\u0131c\u0131lar\u0131n telefonlar\u0131ndaki sorunlar\u0131 h\u0131zl\u0131 ve etkili bir \u015fekilde \u00e7\u00f6zebilme imkan\u0131 sa\u011flamaktad\u0131r.<\/p>\n<p><br><\/p>\n<p>\u0130lk olarak, WT Mobil&#8217;in tamir hizmetlerinin en b\u00fcy\u00fck avantaj\u0131 profesyonel ve deneyimli teknisyenlere sahip olmas\u0131d\u0131r. Firma, sekt\u00f6rdeki son teknolojileri takip ederek personellerini s\u00fcrekli olarak e\u011fitmekte ve g\u00fcncel bilgilerle donatmaktad\u0131r.<\/p>\t\t\t\t\t\t<\/div>\n\t\t\t\t<\/div>\n\t\t\t\t\t<\/div>\n\t\t<\/div>\n\t\t\t\t\t<\/div>\n\t\t<\/section>\n\t\t\t\t<section class=\"elementor-section elementor-top-section elementor-element elementor-element-026c2e7 elementor-section-boxed elementor-section-height-default elementor-section-height-default\" data-id=\"026c2e7\" data-element_type=\"section\">\n\t\t\t\t\t\t<div class=\"elementor-container elementor-column-gap-default\">\n\t\t\t\t\t<div class=\"elementor-column elementor-col-100 elementor-top-column elementor-element elementor-element-b96afc1\" data-id=\"b96afc1\" data-element_type=\"column\">\n\t\t\t<div class=\"elementor-widget-wrap elementor-element-populated\">\n\t\t\t\t\t\t<div class=\"elementor-element elementor-element-598adbc elementor-widget-divider--view-line elementor-widget elementor-widget-divider\" data-id=\"598adbc\" data-element_type=\"widget\" data-widget_type=\"divider.default\">\n\t\t\t\t<div class=\"elementor-widget-container\">\n\t\t\t<style>\/*! elementor - v3.19.0 - 29-01-2024 *\/\n.elementor-widget-divider{--divider-border-style:none;--divider-border-width:1px;--divider-color:#0c0d0e;--divider-icon-size:20px;--divider-element-spacing:10px;--divider-pattern-height:24px;--divider-pattern-size:20px;--divider-pattern-url:none;--divider-pattern-repeat:repeat-x}.elementor-widget-divider .elementor-divider{display:flex}.elementor-widget-divider .elementor-divider__text{font-size:15px;line-height:1;max-width:95%}.elementor-widget-divider .elementor-divider__element{margin:0 var(--divider-element-spacing);flex-shrink:0}.elementor-widget-divider .elementor-icon{font-size:var(--divider-icon-size)}.elementor-widget-divider .elementor-divider-separator{display:flex;margin:0;direction:ltr}.elementor-widget-divider--view-line_icon .elementor-divider-separator,.elementor-widget-divider--view-line_text .elementor-divider-separator{align-items:center}.elementor-widget-divider--view-line_icon .elementor-divider-separator:after,.elementor-widget-divider--view-line_icon .elementor-divider-separator:before,.elementor-widget-divider--view-line_text .elementor-divider-separator:after,.elementor-widget-divider--view-line_text .elementor-divider-separator:before{display:block;content:\"\";border-block-end:0;flex-grow:1;border-block-start:var(--divider-border-width) var(--divider-border-style) var(--divider-color)}.elementor-widget-divider--element-align-left .elementor-divider .elementor-divider-separator>.elementor-divider__svg:first-of-type{flex-grow:0;flex-shrink:100}.elementor-widget-divider--element-align-left .elementor-divider-separator:before{content:none}.elementor-widget-divider--element-align-left .elementor-divider__element{margin-left:0}.elementor-widget-divider--element-align-right .elementor-divider .elementor-divider-separator>.elementor-divider__svg:last-of-type{flex-grow:0;flex-shrink:100}.elementor-widget-divider--element-align-right .elementor-divider-separator:after{content:none}.elementor-widget-divider--element-align-right .elementor-divider__element{margin-right:0}.elementor-widget-divider--element-align-start .elementor-divider .elementor-divider-separator>.elementor-divider__svg:first-of-type{flex-grow:0;flex-shrink:100}.elementor-widget-divider--element-align-start .elementor-divider-separator:before{content:none}.elementor-widget-divider--element-align-start .elementor-divider__element{margin-inline-start:0}.elementor-widget-divider--element-align-end .elementor-divider .elementor-divider-separator>.elementor-divider__svg:last-of-type{flex-grow:0;flex-shrink:100}.elementor-widget-divider--element-align-end .elementor-divider-separator:after{content:none}.elementor-widget-divider--element-align-end .elementor-divider__element{margin-inline-end:0}.elementor-widget-divider:not(.elementor-widget-divider--view-line_text):not(.elementor-widget-divider--view-line_icon) .elementor-divider-separator{border-block-start:var(--divider-border-width) var(--divider-border-style) var(--divider-color)}.elementor-widget-divider--separator-type-pattern{--divider-border-style:none}.elementor-widget-divider--separator-type-pattern.elementor-widget-divider--view-line .elementor-divider-separator,.elementor-widget-divider--separator-type-pattern:not(.elementor-widget-divider--view-line) .elementor-divider-separator:after,.elementor-widget-divider--separator-type-pattern:not(.elementor-widget-divider--view-line) .elementor-divider-separator:before,.elementor-widget-divider--separator-type-pattern:not([class*=elementor-widget-divider--view]) .elementor-divider-separator{width:100%;min-height:var(--divider-pattern-height);-webkit-mask-size:var(--divider-pattern-size) 100%;mask-size:var(--divider-pattern-size) 100%;-webkit-mask-repeat:var(--divider-pattern-repeat);mask-repeat:var(--divider-pattern-repeat);background-color:var(--divider-color);-webkit-mask-image:var(--divider-pattern-url);mask-image:var(--divider-pattern-url)}.elementor-widget-divider--no-spacing{--divider-pattern-size:auto}.elementor-widget-divider--bg-round{--divider-pattern-repeat:round}.rtl .elementor-widget-divider .elementor-divider__text{direction:rtl}.e-con-inner>.elementor-widget-divider,.e-con>.elementor-widget-divider{width:var(--container-widget-width,100%);--flex-grow:var(--container-widget-flex-grow)}<\/style>\t\t<div class=\"elementor-divider\">\n\t\t\t<span class=\"elementor-divider-separator\">\n\t\t\t\t\t\t<\/span>\n\t\t<\/div>\n\t\t\t\t<\/div>\n\t\t\t\t<\/div>\n\t\t\t\t\t<\/div>\n\t\t<\/div>\n\t\t\t\t\t<\/div>\n\t\t<\/section>\n\t\t\t\t<\/div>\n\t\t","protected":false},"excerpt":{"rendered":"<p>WT Mobil Firmas\u0131 Telefon Tamir Hizmetleri Hakk\u0131nda Telefonlar\u0131m\u0131z, tabletlerimiz ve ak\u0131ll\u0131 saatlerimiz art\u0131k hayat\u0131m\u0131z\u0131n ayr\u0131lmaz bir par\u00e7as\u0131 haline geldi. Ancak, ne yaz\u0131k ki bu cihazlar zaman zaman ar\u0131zalanabiliyor veya hasar g\u00f6rebiliyor. \u0130\u015fte tam da bu noktada devreye WT Mobil Firmas\u0131 giriyor!&nbsp; Telefon tamir hizmetleri ile sekt\u00f6rde \u00f6nc\u00fc olan WT Mobil, sizin teknolojik dostunuz olarak her [&hellip;]<\/p>\n","protected":false},"author":1,"featured_media":0,"parent":0,"menu_order":0,"comment_status":"closed","ping_status":"closed","template":"","meta":{"footnotes":""},"class_list":["post-221","page","type-page","status-publish","hentry"],"_links":{"self":[{"href":"https:\/\/wtdemo.link\/servisler\/1\/wp-json\/wp\/v2\/pages\/221","targetHints":{"allow":["GET"]}}],"collection":[{"href":"https:\/\/wtdemo.link\/servisler\/1\/wp-json\/wp\/v2\/pages"}],"about":[{"href":"https:\/\/wtdemo.link\/servisler\/1\/wp-json\/wp\/v2\/types\/page"}],"author":[{"embeddable":true,"href":"https:\/\/wtdemo.link\/servisler\/1\/wp-json\/wp\/v2\/users\/1"}],"replies":[{"embeddable":true,"href":"https:\/\/wtdemo.link\/servisler\/1\/wp-json\/wp\/v2\/comments?post=221"}],"version-history":[{"count":11,"href":"https:\/\/wtdemo.link\/servisler\/1\/wp-json\/wp\/v2\/pages\/221\/revisions"}],"predecessor-version":[{"id":2969,"href":"https:\/\/wtdemo.link\/servisler\/1\/wp-json\/wp\/v2\/pages\/221\/revisions\/2969"}],"wp:attachment":[{"href":"https:\/\/wtdemo.link\/servisler\/1\/wp-json\/wp\/v2\/media?parent=221"}],"curies":[{"name":"wp","href":"https:\/\/api.w.org\/{rel}","templated":true}]}}