{"id":223,"date":"2019-08-08T09:57:07","date_gmt":"2019-08-08T09:57:07","guid":{"rendered":"https:\/\/airtech2.bolvo.com\/demo-3\/?page_id=223"},"modified":"2024-01-31T03:01:01","modified_gmt":"2024-01-31T00:01:01","slug":"hizmetlerimiz","status":"publish","type":"page","link":"https:\/\/wtdemo.link\/servisler\/1\/hizmetlerimiz","title":{"rendered":"H\u0130ZMETLER\u0130M\u0130Z"},"content":{"rendered":"\t\t<div data-elementor-type=\"wp-post\" data-elementor-id=\"223\" class=\"elementor elementor-223\">\n\t\t\t\t\t\t<section class=\"elementor-section elementor-top-section elementor-element elementor-element-e52d978 elementor-section-boxed elementor-section-height-default elementor-section-height-default\" data-id=\"e52d978\" data-element_type=\"section\">\n\t\t\t\t\t\t<div class=\"elementor-container elementor-column-gap-no\">\n\t\t\t\t\t<div class=\"elementor-column elementor-col-100 elementor-top-column elementor-element elementor-element-98ed539\" data-id=\"98ed539\" data-element_type=\"column\">\n\t\t\t<div class=\"elementor-widget-wrap elementor-element-populated\">\n\t\t\t\t\t\t<div class=\"elementor-element elementor-element-e2a6de3 elementor-widget elementor-widget-bolvo-add-content\" data-id=\"e2a6de3\" data-element_type=\"widget\" data-widget_type=\"bolvo-add-content.default\">\n\t\t\t\t<div class=\"elementor-widget-container\">\n\t\t\t\t\t<div class=\"tt-post-wrapper \">\n\t\t\n<section class=\"main_service_area \">\n    <div class=\"container\">\n        <div class=\"main_title\">\n            <h2><\/h2>\n            <p><\/p>\n        <\/div>\n`\n        <div class=\"row main_service_inner\">\n\t\n            <div class=\"col-lg-3 col-md-4 col-sm-6\">\n                <div class=\"m_service_item\">\n\t                                    <div class=\"service_img\">\n\t                    <a href=\"https:\/\/wtdemo.link\/servisler\/1\/service\/cep-telefonu-tamiri\">\n                        <img fetchpriority=\"high\" decoding=\"async\" width=\"700\" height=\"500\" src=\"https:\/\/wtdemo.link\/servisler\/1\/wp-content\/uploads\/2019\/08\/1.png\" class=\"attachment-post-thumbnail size-post-thumbnail wp-post-image\" alt=\"\" srcset=\"https:\/\/wtdemo.link\/servisler\/1\/wp-content\/uploads\/2019\/08\/1.png 700w, https:\/\/wtdemo.link\/servisler\/1\/wp-content\/uploads\/2019\/08\/1-300x214.png 300w\" sizes=\"(max-width: 700px) 100vw, 700px\" \/>\t\t                <\/a>\n                    <\/div>\n\t\t\t\t\t                    <div class=\"service_text\">\n                        <h4 class=\"entry-title\">CEP TELEFONU TAM\u0130R\u0130<\/h4>                        <p>Ho\u015fgeldiniz! Bug\u00fcnk\u00fc blog yaz\u0131m\u0131zda, iPhone cep telefonu tamiri hakk\u0131nda ...<\/p>\n\t                                            <a class=\"more_btn\" href=\"https:\/\/wtdemo.link\/servisler\/1\/service\/cep-telefonu-tamiri\">Detaylar<\/a>\n\t                                        <\/div>\n                <\/div>\n            <\/div>\n\n\t\t\t\t\n            <div class=\"col-lg-3 col-md-4 col-sm-6\">\n                <div class=\"m_service_item\">\n\t                                    <div class=\"service_img\">\n\t                    <a href=\"https:\/\/wtdemo.link\/servisler\/1\/service\/tablet-tamiri\">\n                        <img decoding=\"async\" width=\"700\" height=\"500\" src=\"https:\/\/wtdemo.link\/servisler\/1\/wp-content\/uploads\/2019\/08\/2-1.png\" class=\"attachment-post-thumbnail size-post-thumbnail wp-post-image\" alt=\"\" srcset=\"https:\/\/wtdemo.link\/servisler\/1\/wp-content\/uploads\/2019\/08\/2-1.png 700w, https:\/\/wtdemo.link\/servisler\/1\/wp-content\/uploads\/2019\/08\/2-1-300x214.png 300w\" sizes=\"(max-width: 700px) 100vw, 700px\" \/>\t\t                <\/a>\n                    <\/div>\n\t\t\t\t\t                    <div class=\"service_text\">\n                        <h4 class=\"entry-title\">TABLET TAM\u0130R\u0130<\/h4>                        <p>Ho\u015fgeldiniz! Bug\u00fcnk\u00fc blog yaz\u0131m\u0131zda, iPhone cep telefonu tamiri hakk\u0131nda ...<\/p>\n\t                                            <a class=\"more_btn\" href=\"https:\/\/wtdemo.link\/servisler\/1\/service\/tablet-tamiri\">Detaylar<\/a>\n\t                                        <\/div>\n                <\/div>\n            <\/div>\n\n\t\t\t\t\n            <div class=\"col-lg-3 col-md-4 col-sm-6\">\n                <div class=\"m_service_item\">\n\t                                    <div class=\"service_img\">\n\t                    <a href=\"https:\/\/wtdemo.link\/servisler\/1\/service\/akilli-saat-tamiri\">\n                        <img decoding=\"async\" width=\"700\" height=\"500\" src=\"https:\/\/wtdemo.link\/servisler\/1\/wp-content\/uploads\/2019\/08\/3.png\" class=\"attachment-post-thumbnail size-post-thumbnail wp-post-image\" alt=\"\" srcset=\"https:\/\/wtdemo.link\/servisler\/1\/wp-content\/uploads\/2019\/08\/3.png 700w, https:\/\/wtdemo.link\/servisler\/1\/wp-content\/uploads\/2019\/08\/3-300x214.png 300w\" sizes=\"(max-width: 700px) 100vw, 700px\" \/>\t\t                <\/a>\n                    <\/div>\n\t\t\t\t\t                    <div class=\"service_text\">\n                        <h4 class=\"entry-title\">AKILLI SAAT TAM\u0130R\u0130<\/h4>                        <p>Ho\u015fgeldiniz! Bug\u00fcnk\u00fc blog yaz\u0131m\u0131zda, iPhone cep telefonu tamiri hakk\u0131nda ...<\/p>\n\t                                            <a class=\"more_btn\" href=\"https:\/\/wtdemo.link\/servisler\/1\/service\/akilli-saat-tamiri\">Detaylar<\/a>\n\t                                        <\/div>\n                <\/div>\n            <\/div>\n\n\t\t\t\t\n            <div class=\"col-lg-3 col-md-4 col-sm-6\">\n                <div class=\"m_service_item\">\n\t                                    <div class=\"service_img\">\n\t                    <a href=\"https:\/\/wtdemo.link\/servisler\/1\/service\/ekran-degisimi\">\n                        <img loading=\"lazy\" decoding=\"async\" width=\"700\" height=\"500\" src=\"https:\/\/wtdemo.link\/servisler\/1\/wp-content\/uploads\/2019\/08\/4.png\" class=\"attachment-post-thumbnail size-post-thumbnail wp-post-image\" alt=\"\" srcset=\"https:\/\/wtdemo.link\/servisler\/1\/wp-content\/uploads\/2019\/08\/4.png 700w, https:\/\/wtdemo.link\/servisler\/1\/wp-content\/uploads\/2019\/08\/4-300x214.png 300w\" sizes=\"(max-width: 700px) 100vw, 700px\" \/>\t\t                <\/a>\n                    <\/div>\n\t\t\t\t\t                    <div class=\"service_text\">\n                        <h4 class=\"entry-title\">EKRAN DE\u011e\u0130\u015e\u0130M\u0130<\/h4>                        <p>Ho\u015fgeldiniz! Bug\u00fcnk\u00fc blog yaz\u0131m\u0131zda, iPhone cep telefonu tamiri hakk\u0131nda ...<\/p>\n\t                                            <a class=\"more_btn\" href=\"https:\/\/wtdemo.link\/servisler\/1\/service\/ekran-degisimi\">Detaylar<\/a>\n\t                                        <\/div>\n                <\/div>\n            <\/div>\n\n\t\t\t\t        <\/div>\n    <\/div>\n<\/section>\n\t\t<\/div>\n\t\t\t\t<\/div>\n\t\t\t\t<\/div>\n\t\t\t\t\t<\/div>\n\t\t<\/div>\n\t\t\t\t\t<\/div>\n\t\t<\/section>\n\t\t\t\t<\/div>\n\t\t","protected":false},"excerpt":{"rendered":"<p>` CEP TELEFONU TAM\u0130R\u0130 Ho\u015fgeldiniz! Bug\u00fcnk\u00fc blog yaz\u0131m\u0131zda, iPhone cep telefonu tamiri hakk\u0131nda &#8230; Detaylar TABLET TAM\u0130R\u0130 Ho\u015fgeldiniz! Bug\u00fcnk\u00fc blog yaz\u0131m\u0131zda, iPhone cep telefonu tamiri hakk\u0131nda &#8230; Detaylar AKILLI SAAT TAM\u0130R\u0130 Ho\u015fgeldiniz! Bug\u00fcnk\u00fc blog yaz\u0131m\u0131zda, iPhone cep telefonu tamiri hakk\u0131nda &#8230; Detaylar EKRAN DE\u011e\u0130\u015e\u0130M\u0130 Ho\u015fgeldiniz! Bug\u00fcnk\u00fc blog yaz\u0131m\u0131zda, iPhone cep telefonu tamiri hakk\u0131nda &#8230; Detaylar<\/p>\n","protected":false},"author":1,"featured_media":0,"parent":0,"menu_order":0,"comment_status":"closed","ping_status":"closed","template":"","meta":{"footnotes":""},"class_list":["post-223","page","type-page","status-publish","hentry"],"_links":{"self":[{"href":"https:\/\/wtdemo.link\/servisler\/1\/wp-json\/wp\/v2\/pages\/223","targetHints":{"allow":["GET"]}}],"collection":[{"href":"https:\/\/wtdemo.link\/servisler\/1\/wp-json\/wp\/v2\/pages"}],"about":[{"href":"https:\/\/wtdemo.link\/servisler\/1\/wp-json\/wp\/v2\/types\/page"}],"author":[{"embeddable":true,"href":"https:\/\/wtdemo.link\/servisler\/1\/wp-json\/wp\/v2\/users\/1"}],"replies":[{"embeddable":true,"href":"https:\/\/wtdemo.link\/servisler\/1\/wp-json\/wp\/v2\/comments?post=223"}],"version-history":[{"count":17,"href":"https:\/\/wtdemo.link\/servisler\/1\/wp-json\/wp\/v2\/pages\/223\/revisions"}],"predecessor-version":[{"id":3060,"href":"https:\/\/wtdemo.link\/servisler\/1\/wp-json\/wp\/v2\/pages\/223\/revisions\/3060"}],"wp:attachment":[{"href":"https:\/\/wtdemo.link\/servisler\/1\/wp-json\/wp\/v2\/media?parent=223"}],"curies":[{"name":"wp","href":"https:\/\/api.w.org\/{rel}","templated":true}]}}