{"id":231,"date":"2019-08-08T09:57:55","date_gmt":"2019-08-08T09:57:55","guid":{"rendered":"https:\/\/airtech2.bolvo.com\/demo-3\/?page_id=231"},"modified":"2024-02-01T15:06:15","modified_gmt":"2024-02-01T12:06:15","slug":"iletisim","status":"publish","type":"page","link":"https:\/\/wtdemo.link\/servisler\/1\/iletisim","title":{"rendered":"\u0130LET\u0130\u015e\u0130M"},"content":{"rendered":"\t\t<div data-elementor-type=\"wp-post\" data-elementor-id=\"231\" class=\"elementor elementor-231\">\n\t\t\t\t\t\t<section class=\"elementor-section elementor-top-section elementor-element elementor-element-84c1dd9 elementor-section-boxed elementor-section-height-default elementor-section-height-default\" data-id=\"84c1dd9\" data-element_type=\"section\" data-settings=\"{&quot;background_background&quot;:&quot;classic&quot;}\">\n\t\t\t\t\t\t\t<div class=\"elementor-background-overlay\"><\/div>\n\t\t\t\t\t\t\t<div class=\"elementor-container elementor-column-gap-no\">\n\t\t\t\t\t<div class=\"elementor-column elementor-col-100 elementor-top-column elementor-element elementor-element-c422c89\" data-id=\"c422c89\" data-element_type=\"column\">\n\t\t\t<div class=\"elementor-widget-wrap elementor-element-populated\">\n\t\t\t\t\t\t<div class=\"elementor-element elementor-element-9572fba elementor-widget elementor-widget-ucaddon_homecontact\" data-id=\"9572fba\" data-element_type=\"widget\" data-widget_type=\"ucaddon_homecontact.default\">\n\t\t\t\t<div class=\"elementor-widget-container\">\n\t\t\t<!-- start Home Contact -->\n\n\t\t\t<section class=\"contact_details_area\">\n    <div class=\"container\">\n        <div class=\"row\">\n            <div class=\"col-lg-2 d-flex\">\n                <div class=\"c_details_inner\">\n                    <div class=\"main_title\">\n                    <h2>\u0130LET\u0130\u015e\u0130M B\u0130LG\u0130LER\u0130<\/h2>\n                    <p>WT Mobil 'e ula\u015fmak i\u00e7in ileti\u015fim formunu kullanabilir , telefon ve mail arac\u0131l\u0131\u011f\u0131 ile bize ula\u015fabilirsiniz.<\/p>\n                    <\/div>\n                    <div class=\"contact_details_text\">\n                        <div class=\"media\">\n                            <div class=\"d-flex\">\n                            <img decoding=\"async\" src=\"https:\/\/wtdemo.link\/servisler\/1\/wp-content\/uploads\/2019\/08\/map-marker.png\" alt=\"\">\n                            <\/div>\n                            <div class=\"media-body\">\n                                <h4>Adresimiz:<\/h4>\n                                <p>Adres Mah.Sokak Cad.\nPlaza \u0130\u015f Han\u0131 Kat:32 No: 92\nKADIK\u00d6Y \u0130STANBUL\n<\/p>\n                            <\/div>\n                        <\/div>\n                        <div class=\"media\">\n                            <div class=\"d-flex\">\n                            <img decoding=\"async\" src=\"https:\/\/wtdemo.link\/servisler\/1\/wp-content\/uploads\/2019\/08\/phone-2.png\" alt=\"\">\n                            <\/div>\n                            <div class=\"media-body\">\n                                <h4>Telefon :<\/h4>\n                                                            <a href=\"tel:01676790690\">0850 850 85 00<\/a> <span>\/<\/span>\n                            <a href=\"tel:01676790690\">0850 555 55 55<\/a>\n                            <\/div>\n                        <\/div>\n                        <div class=\"media\">\n                            <div class=\"d-flex\">\n                                <img decoding=\"async\" src=\"https:\/\/wtdemo.link\/servisler\/1\/wp-content\/uploads\/2019\/08\/inbox.png\" alt=\"\">\n                            <\/div>\n                            <div class=\"media-body\">\n                                <h4>Email :<\/h4>\n                                <a href=\"mailto:dummy@gmail.com\">info@wordpresstema.com<\/a>\n                            <\/div>\n                        <\/div>\n                    <\/div>\n                <\/div>\n            <\/div>\n            <div class=\"col-lg-10\">\n                <div class=\"contact_form_area\">\n                    <h3>\u0130leti\u015fim Formu<\/h3>\n                    \n<div class=\"wpcf7 no-js\" id=\"wpcf7-f454-o1\" lang=\"en-US\" dir=\"ltr\">\n<div class=\"screen-reader-response\"><p role=\"status\" aria-live=\"polite\" aria-atomic=\"true\"><\/p> <ul><\/ul><\/div>\n<form action=\"\/servisler\/1\/wp-json\/wp\/v2\/pages\/231#wpcf7-f454-o1\" method=\"post\" class=\"wpcf7-form init\" aria-label=\"Contact form\" novalidate=\"novalidate\" data-status=\"init\">\n<div style=\"display: none;\">\n<input type=\"hidden\" name=\"_wpcf7\" value=\"454\" \/>\n<input type=\"hidden\" name=\"_wpcf7_version\" value=\"5.9.2\" \/>\n<input type=\"hidden\" name=\"_wpcf7_locale\" value=\"en_US\" \/>\n<input type=\"hidden\" name=\"_wpcf7_unit_tag\" value=\"wpcf7-f454-o1\" \/>\n<input type=\"hidden\" name=\"_wpcf7_container_post\" value=\"0\" \/>\n<input type=\"hidden\" name=\"_wpcf7_posted_data_hash\" value=\"\" \/>\n<\/div>\n<div class=\"form-row contact_us_form\">\n\t<div class=\"form-group col-lg-12\">\n\t\t<p><span class=\"wpcf7-form-control-wrap\" data-name=\"form-name\"><input size=\"40\" class=\"wpcf7-form-control wpcf7-text wpcf7-validates-as-required form-control\" aria-required=\"true\" aria-invalid=\"false\" placeholder=\"\u0130sminiz\" value=\"\" type=\"text\" name=\"form-name\" \/><\/span>\n\t\t<\/p>\n\t<\/div>\n\t<div class=\"form-group col-lg-12\">\n\t\t<p><span class=\"wpcf7-form-control-wrap\" data-name=\"form-email\"><input size=\"40\" class=\"wpcf7-form-control wpcf7-email wpcf7-validates-as-required wpcf7-text wpcf7-validates-as-email form-control\" aria-required=\"true\" aria-invalid=\"false\" placeholder=\"Mail Adresiniz\" value=\"\" type=\"email\" name=\"form-email\" \/><\/span>\n\t\t<\/p>\n\t<\/div>\n\t<div class=\"form-group col-lg-12\">\n\t\t<p><span class=\"wpcf7-form-control-wrap\" data-name=\"form-phone\"><input size=\"40\" class=\"wpcf7-form-control wpcf7-tel wpcf7-text wpcf7-validates-as-tel form-control\" aria-invalid=\"false\" placeholder=\"Telefon Numaran\u0131z\" value=\"\" type=\"tel\" name=\"form-phone\" \/><\/span>\n\t\t<\/p>\n\t<\/div>\n\t<div class=\"form-group col-lg-12\">\n\t\t<p><span class=\"wpcf7-form-control-wrap\" data-name=\"form-services\"><input size=\"40\" class=\"wpcf7-form-control wpcf7-text wpcf7-validates-as-required form-control\" aria-required=\"true\" aria-invalid=\"false\" placeholder=\"Cihaz Marka\" value=\"\" type=\"text\" name=\"form-services\" \/><\/span>\n\t\t<\/p>\n\t<\/div>\n\t<div class=\"form-group col-lg-12\">\n\t\t<p><span class=\"wpcf7-form-control-wrap\" data-name=\"form-message\"><textarea cols=\"40\" rows=\"10\" class=\"wpcf7-form-control wpcf7-textarea wpcf7-validates-as-required form-control\" aria-required=\"true\" aria-invalid=\"false\" placeholder=\"Yap\u0131lmas\u0131n\u0131 \u0130stedi\u011finiz \u0130\u015flemler\" name=\"form-message\"><\/textarea><\/span>\n\t\t<\/p>\n\t<\/div>\n\t<div class=\"form-group col-lg-12\">\n\t\t<p><span class=\"wpcf7-form-control-wrap\" data-name=\"quiz-958\"><label><span class=\"wpcf7-quiz-label\">T\u00fcrkiye&#039;nin ba\u015fkenti?<\/span> <input size=\"40\" class=\"wpcf7-form-control wpcf7-quiz form-control\" autocomplete=\"off\" aria-required=\"true\" aria-invalid=\"false\" type=\"text\" name=\"quiz-958\" \/><\/label><input type=\"hidden\" name=\"_wpcf7_quiz_answer_quiz-958\" value=\"94e679f7112f33092f27491231a8809f\" \/><\/span>\n\t\t<\/p>\n\t<\/div>\n\t<div class=\"form-group col-lg-12\">\n\t\t<p><input class=\"wpcf7-form-control wpcf7-submit has-spinner btn submit_btn\" type=\"submit\" value=\"G\u00d6NDER\" \/>\n\t\t<\/p>\n\t<\/div>\n<\/div><div class=\"wpcf7-response-output\" aria-hidden=\"true\"><\/div>\n<\/form>\n<\/div>\n\n                <\/div>\n            <\/div>\n        <\/div>\n    <\/div>\n<\/section>\n\t\t\t<!-- end Home Contact -->\t\t<\/div>\n\t\t\t\t<\/div>\n\t\t\t\t\t<\/div>\n\t\t<\/div>\n\t\t\t\t\t<\/div>\n\t\t<\/section>\n\t\t\t\t<section class=\"elementor-section elementor-top-section elementor-element elementor-element-a591de4 elementor-section-full_width elementor-section-height-default elementor-section-height-default\" data-id=\"a591de4\" data-element_type=\"section\">\n\t\t\t\t\t\t<div class=\"elementor-container elementor-column-gap-no\">\n\t\t\t\t\t<div class=\"elementor-column elementor-col-100 elementor-top-column elementor-element elementor-element-115de48\" data-id=\"115de48\" data-element_type=\"column\">\n\t\t\t<div class=\"elementor-widget-wrap elementor-element-populated\">\n\t\t\t\t\t\t<div class=\"elementor-element elementor-element-b283840 elementor-widget elementor-widget-google_maps\" data-id=\"b283840\" data-element_type=\"widget\" data-widget_type=\"google_maps.default\">\n\t\t\t\t<div class=\"elementor-widget-container\">\n\t\t\t<style>\/*! elementor - v3.19.0 - 29-01-2024 *\/\n.elementor-widget-google_maps .elementor-widget-container{overflow:hidden}.elementor-widget-google_maps .elementor-custom-embed{line-height:0}.elementor-widget-google_maps iframe{height:300px}<\/style>\t\t<div class=\"elementor-custom-embed\">\n\t\t\t<iframe loading=\"lazy\"\n\t\t\t\t\tsrc=\"https:\/\/maps.google.com\/maps?q=istanbul%20kad%C4%B1k%C3%B6y&#038;t=m&#038;z=10&#038;output=embed&#038;iwloc=near\"\n\t\t\t\t\ttitle=\"istanbul kad\u0131k\u00f6y\"\n\t\t\t\t\taria-label=\"istanbul kad\u0131k\u00f6y\"\n\t\t\t><\/iframe>\n\t\t<\/div>\n\t\t\t\t<\/div>\n\t\t\t\t<\/div>\n\t\t\t\t\t<\/div>\n\t\t<\/div>\n\t\t\t\t\t<\/div>\n\t\t<\/section>\n\t\t\t\t<\/div>\n\t\t","protected":false},"excerpt":{"rendered":"<p>\u0130LET\u0130\u015e\u0130M B\u0130LG\u0130LER\u0130 WT Mobil &#8216;e ula\u015fmak i\u00e7in ileti\u015fim formunu kullanabilir , telefon ve mail arac\u0131l\u0131\u011f\u0131 ile bize ula\u015fabilirsiniz. Adresimiz: Adres Mah.Sokak Cad. Plaza \u0130\u015f Han\u0131 Kat:32 No: 92 KADIK\u00d6Y \u0130STANBUL Telefon : 0850 850 85 00 \/ 0850 555 55 55 Email : info@wordpresstema.com \u0130leti\u015fim Formu<\/p>\n","protected":false},"author":1,"featured_media":0,"parent":0,"menu_order":0,"comment_status":"closed","ping_status":"closed","template":"","meta":{"footnotes":""},"class_list":["post-231","page","type-page","status-publish","hentry"],"_links":{"self":[{"href":"https:\/\/wtdemo.link\/servisler\/1\/wp-json\/wp\/v2\/pages\/231","targetHints":{"allow":["GET"]}}],"collection":[{"href":"https:\/\/wtdemo.link\/servisler\/1\/wp-json\/wp\/v2\/pages"}],"about":[{"href":"https:\/\/wtdemo.link\/servisler\/1\/wp-json\/wp\/v2\/types\/page"}],"author":[{"embeddable":true,"href":"https:\/\/wtdemo.link\/servisler\/1\/wp-json\/wp\/v2\/users\/1"}],"replies":[{"embeddable":true,"href":"https:\/\/wtdemo.link\/servisler\/1\/wp-json\/wp\/v2\/comments?post=231"}],"version-history":[{"count":11,"href":"https:\/\/wtdemo.link\/servisler\/1\/wp-json\/wp\/v2\/pages\/231\/revisions"}],"predecessor-version":[{"id":3106,"href":"https:\/\/wtdemo.link\/servisler\/1\/wp-json\/wp\/v2\/pages\/231\/revisions\/3106"}],"wp:attachment":[{"href":"https:\/\/wtdemo.link\/servisler\/1\/wp-json\/wp\/v2\/media?parent=231"}],"curies":[{"name":"wp","href":"https:\/\/api.w.org\/{rel}","templated":true}]}}