{"id":166,"date":"2020-09-24T20:32:31","date_gmt":"2020-09-24T20:32:31","guid":{"rendered":"https:\/\/bslthemes.site\/arter\/?page_id=166"},"modified":"2020-09-24T20:32:31","modified_gmt":"2020-09-24T20:32:31","slug":"blog","status":"publish","type":"page","link":"https:\/\/wtdemo.link\/siyasi\/iyi1\/blog\/","title":{"rendered":"Blog"},"content":{"rendered":"\t\t<div data-elementor-type=\"wp-page\" data-elementor-id=\"166\" class=\"elementor elementor-166\">\n\t\t\t\t\t\t\t\t\t<section class=\"elementor-section elementor-top-section elementor-element elementor-element-66cb952 elementor-section-full_width elementor-section-height-default elementor-section-height-default\" data-id=\"66cb952\" data-element_type=\"section\">\n\t\t\t\t\t\t<div class=\"elementor-container elementor-column-gap-no\">\n\t\t\t\t\t<div class=\"elementor-column elementor-col-100 elementor-top-column elementor-element elementor-element-edca18a\" data-id=\"edca18a\" data-element_type=\"column\">\n\t\t\t<div class=\"elementor-widget-wrap elementor-element-populated\">\n\t\t\t\t\t\t\t\t<div class=\"elementor-element elementor-element-681945f elementor-widget elementor-widget-arter-blog-grid\" data-id=\"681945f\" data-element_type=\"widget\" data-widget_type=\"arter-blog-grid.default\">\n\t\t\t\t<div class=\"elementor-widget-container\">\n\t\t\t\n\t\t<!-- container -->\n\t\t<div class=\"container-fluid\">\n\n\t\t<!-- row -->\n\t\t<div class=\"row\">\n\t\t  \t\t  <!-- col -->\n\t\t  <div class=\"col-lg-12\">\n\t\t    <!-- section title -->\n\t\t    <div class=\"art-section-title\">\n\t\t      <!-- title frame -->\n\t\t      <div class=\"art-title-frame\">\n\t\t        <!-- title -->\n\t\t        <h4 class=\"art-title-h\">\n\t\t    \t<span >\n\t\t          \tBlog\t\t         <\/span>\n\t\t    \t<\/h4>\n\t\t      <\/div>\n\t\t      <!-- title frame end -->\n\t\t    <\/div>\n\t\t    <!-- section title end -->\n\t\t  <\/div>\n\t\t  <!-- col end -->\n\t\t  \n\t\t  \t\t  \t\t  <!-- col -->\n\t\t  <div class=\"col-lg-6\">\n\t\t    \n\n<!-- blog post card -->\n<div class=\"art-a art-blog-card\">\n  <div id=\"post-1\" class=\"post-1 post type-post status-publish format-standard has-post-thumbnail hentry category-genel\">\n\t  <!-- post cover -->\n\t  \t\t\t\t<a class=\"art-port-cover post-thumbnail\" href=\"https:\/\/wtdemo.link\/siyasi\/iyi1\/2023\/03\/18\/kazanan-mutlaka-turkiye-olacaktir\/\">\n\t\t\t<img loading=\"lazy\" decoding=\"async\" width=\"345\" height=\"260\" src=\"https:\/\/wtdemo.link\/siyasi\/iyi1\/wp-content\/uploads\/2023\/03\/h3.jpg\" class=\"attachment-arter_1280x768 size-arter_1280x768 wp-post-image\" alt=\"Kazanan mutlaka T\u00fcrkiye olacakt\u0131r!\" srcset=\"https:\/\/wtdemo.link\/siyasi\/iyi1\/wp-content\/uploads\/2023\/03\/h3.jpg 345w, https:\/\/wtdemo.link\/siyasi\/iyi1\/wp-content\/uploads\/2023\/03\/h3-300x226.jpg 300w, https:\/\/wtdemo.link\/siyasi\/iyi1\/wp-content\/uploads\/2023\/03\/h3-256x193.jpg 256w\" sizes=\"auto, (max-width: 345px) 100vw, 345px\" \/>\t\t<\/a>\n\t\t\n\t\t\t  <!-- post cover end -->\n\t  <!-- post description -->\n\t  <div class=\"art-post-description\">\n\t  \t\t\t<div class=\"art-project-category mb-15\">\n\t\t\t<a href=\"https:\/\/wtdemo.link\/siyasi\/iyi1\/2023\/03\/18\/kazanan-mutlaka-turkiye-olacaktir\/\">\n\t\t\t\t<span class=\"art-el-date\">18 Mart 2023<\/span>\n\t\t\t<\/a>\n\t\t\t \/ <span class=\"art-el-category\">Genel<\/span>\t\t<\/div>\n\t\t\t    <!-- title -->\n\t    <a href=\"https:\/\/wtdemo.link\/siyasi\/iyi1\/2023\/03\/18\/kazanan-mutlaka-turkiye-olacaktir\/\">\n\t      <h5 class=\"mb-15\">Kazanan mutlaka T\u00fcrkiye olacakt\u0131r!<\/h5>\n\t    <\/a>\n\t    \t    <!-- text -->\n\t    <div class=\"art-el-description\">\n\t    \t<p>Genel Ba\u015fkan\u0131m\u0131z Say\u0131n Meral Ak\u015fener, 1 Mart \u00c7ar\u015famba g\u00fcn\u00fc TBMM grup toplant\u0131s\u0131nda; &nbsp; Sinan Ate\u015f\u2019in vefat\u0131n\u0131n \u00fczerinden ge\u00e7en 61 g\u00fcn\u00fcn&#8230; <\/p>\n<div class=\"art-el-more\"><a href=\"https:\/\/wtdemo.link\/siyasi\/iyi1\/2023\/03\/18\/kazanan-mutlaka-turkiye-olacaktir\/\" class=\"art-link art-color-link art-w-chevron\">Devam\u0131n\u0131 Oku<\/a><\/div>\n\t    <\/div>\n\t    \t  <\/div>\n\t  <!-- post description end -->\n  <\/div>\n<\/div>\n<!-- blog post card end -->\t\t  <\/div>\n\t\t  <!-- col end -->\n\t\t  \t\t  <!-- col -->\n\t\t  <div class=\"col-lg-6\">\n\t\t    \n\n<!-- blog post card -->\n<div class=\"art-a art-blog-card\">\n  <div id=\"post-148\" class=\"post-148 post type-post status-publish format-standard has-post-thumbnail hentry category-genel\">\n\t  <!-- post cover -->\n\t  \t\t\t\t<a class=\"art-port-cover post-thumbnail\" href=\"https:\/\/wtdemo.link\/siyasi\/iyi1\/2020\/09\/24\/hepimiz-birimiz-birimiz-hepimiz-icin\/\">\n\t\t\t<img loading=\"lazy\" decoding=\"async\" width=\"345\" height=\"260\" src=\"https:\/\/wtdemo.link\/siyasi\/iyi1\/wp-content\/uploads\/2020\/09\/h1.jpg\" class=\"attachment-arter_1280x768 size-arter_1280x768 wp-post-image\" alt=\"&#8220;Hepimiz birimiz, birimiz hepimiz i\u00e7in!&#8221;\" srcset=\"https:\/\/wtdemo.link\/siyasi\/iyi1\/wp-content\/uploads\/2020\/09\/h1.jpg 345w, https:\/\/wtdemo.link\/siyasi\/iyi1\/wp-content\/uploads\/2020\/09\/h1-300x226.jpg 300w, https:\/\/wtdemo.link\/siyasi\/iyi1\/wp-content\/uploads\/2020\/09\/h1-256x193.jpg 256w\" sizes=\"auto, (max-width: 345px) 100vw, 345px\" \/>\t\t<\/a>\n\t\t\n\t\t\t  <!-- post cover end -->\n\t  <!-- post description -->\n\t  <div class=\"art-post-description\">\n\t  \t\t\t<div class=\"art-project-category mb-15\">\n\t\t\t<a href=\"https:\/\/wtdemo.link\/siyasi\/iyi1\/2020\/09\/24\/hepimiz-birimiz-birimiz-hepimiz-icin\/\">\n\t\t\t\t<span class=\"art-el-date\">24 Eyl\u00fcl 2020<\/span>\n\t\t\t<\/a>\n\t\t\t \/ <span class=\"art-el-category\">Genel<\/span>\t\t<\/div>\n\t\t\t    <!-- title -->\n\t    <a href=\"https:\/\/wtdemo.link\/siyasi\/iyi1\/2020\/09\/24\/hepimiz-birimiz-birimiz-hepimiz-icin\/\">\n\t      <h5 class=\"mb-15\">&#8220;Hepimiz birimiz, birimiz hepimiz i\u00e7in!&#8221;<\/h5>\n\t    <\/a>\n\t    \t    <!-- text -->\n\t    <div class=\"art-el-description\">\n\t    \t<p>Genel Ba\u015fkan\u0131m\u0131z Say\u0131n Meral Ak\u015fener, 22 \u015eubat \u00c7ar\u015famba g\u00fcn\u00fc TBMM grup toplant\u0131s\u0131nda; &nbsp; Ya\u015fad\u0131\u011f\u0131m\u0131z b\u00fcy\u00fck deprem felaketinde hayat\u0131n\u0131 kaybeden vatanda\u015flar\u0131m\u0131za,&#8230; <\/p>\n<div class=\"art-el-more\"><a href=\"https:\/\/wtdemo.link\/siyasi\/iyi1\/2020\/09\/24\/hepimiz-birimiz-birimiz-hepimiz-icin\/\" class=\"art-link art-color-link art-w-chevron\">Devam\u0131n\u0131 Oku<\/a><\/div>\n\t    <\/div>\n\t    \t  <\/div>\n\t  <!-- post description end -->\n  <\/div>\n<\/div>\n<!-- blog post card end -->\t\t  <\/div>\n\t\t  <!-- col end -->\n\t\t  \t\t  <!-- col -->\n\t\t  <div class=\"col-lg-6\">\n\t\t    \n\n<!-- blog post card -->\n<div class=\"art-a art-blog-card\">\n  <div id=\"post-146\" class=\"post-146 post type-post status-publish format-standard has-post-thumbnail hentry category-design\">\n\t  <!-- post cover -->\n\t  \t\t\t\t<a class=\"art-port-cover post-thumbnail\" href=\"https:\/\/wtdemo.link\/siyasi\/iyi1\/2020\/09\/24\/millet-tarih-yazacak\/\">\n\t\t\t<img loading=\"lazy\" decoding=\"async\" width=\"345\" height=\"260\" src=\"https:\/\/wtdemo.link\/siyasi\/iyi1\/wp-content\/uploads\/2020\/09\/h2.jpg\" class=\"attachment-arter_1280x768 size-arter_1280x768 wp-post-image\" alt=\"\u2018\u2019Millet tarih yazacak!\u2019\u2019\" srcset=\"https:\/\/wtdemo.link\/siyasi\/iyi1\/wp-content\/uploads\/2020\/09\/h2.jpg 345w, https:\/\/wtdemo.link\/siyasi\/iyi1\/wp-content\/uploads\/2020\/09\/h2-300x226.jpg 300w, https:\/\/wtdemo.link\/siyasi\/iyi1\/wp-content\/uploads\/2020\/09\/h2-256x193.jpg 256w\" sizes=\"auto, (max-width: 345px) 100vw, 345px\" \/>\t\t<\/a>\n\t\t\n\t\t\t  <!-- post cover end -->\n\t  <!-- post description -->\n\t  <div class=\"art-post-description\">\n\t  \t\t\t<div class=\"art-project-category mb-15\">\n\t\t\t<a href=\"https:\/\/wtdemo.link\/siyasi\/iyi1\/2020\/09\/24\/millet-tarih-yazacak\/\">\n\t\t\t\t<span class=\"art-el-date\">24 Eyl\u00fcl 2020<\/span>\n\t\t\t<\/a>\n\t\t\t \/ <span class=\"art-el-category\">Design<\/span>\t\t<\/div>\n\t\t\t    <!-- title -->\n\t    <a href=\"https:\/\/wtdemo.link\/siyasi\/iyi1\/2020\/09\/24\/millet-tarih-yazacak\/\">\n\t      <h5 class=\"mb-15\">\u2018\u2019Millet tarih yazacak!\u2019\u2019<\/h5>\n\t    <\/a>\n\t    \t    <!-- text -->\n\t    <div class=\"art-el-description\">\n\t    \t<p>Genel Ba\u015fkan\u0131m\u0131z Say\u0131n Meral Ak\u015fener, 15 Mart \u00c7ar\u015famba g\u00fcn\u00fc TBMM grup toplant\u0131s\u0131nda; Fedak\u00e2rl\u0131\u011f\u0131n ve \u00f6zverinin \u00e7ok k\u0131ymetli temsilcileri, de\u011ferleri bilinmeyen,&#8230; <\/p>\n<div class=\"art-el-more\"><a href=\"https:\/\/wtdemo.link\/siyasi\/iyi1\/2020\/09\/24\/millet-tarih-yazacak\/\" class=\"art-link art-color-link art-w-chevron\">Devam\u0131n\u0131 Oku<\/a><\/div>\n\t    <\/div>\n\t    \t  <\/div>\n\t  <!-- post description end -->\n  <\/div>\n<\/div>\n<!-- blog post card end -->\t\t  <\/div>\n\t\t  <!-- col end -->\n\t\t  \t\t  \t\t<\/div>\n\t\t<!-- row end -->\n\n\t\t<\/div>\n\t\t<!-- container end -->\n\n\t\t\t\t<!-- container -->\n\t\t<div class=\"container-fluid\">\n\n\t\t<!-- row -->\n\t\t<div class=\"row\">\n\n\t\t  <!-- col -->\n\t\t  <div class=\"col-lg-12\">\n\n\t\t  \t\t\t    <!-- pagination -->\n\t\t    <div class=\"art-a art-pagination\">\n\t\t      \t\t\t    <\/div>\n\t\t    <!-- pagination end -->\n\t\t    \n\t\t    \t\t  <\/div>\n\t\t  <!-- col end -->\n\n\t\t<\/div>\n\t\t<!-- row end -->\n\n\t\t<\/div>\n\t\t<!-- container end -->\n\t\t\n\t\t\t\t<\/div>\n\t\t\t\t<\/div>\n\t\t\t\t\t<\/div>\n\t\t<\/div>\n\t\t\t\t\t\t\t<\/div>\n\t\t<\/section>\n\t\t\t\t\t\t\t<\/div>\n\t\t","protected":false},"excerpt":{"rendered":"<p>Blog September 24, 2020 \/ Design, Events, Technology Follow your own design process. My job is simple and sophisticated, so&#8230; <\/p>\n<div class=\"art-el-more\"><a href=\"https:\/\/wtdemo.link\/siyasi\/iyi1\/2020\/09\/24\/millet-tarih-yazacak\/\" class=\"art-link art-color-link art-w-chevron\">Devam\u0131n\u0131 Oku<\/a><\/div>\n","protected":false},"author":1,"featured_media":0,"parent":0,"menu_order":0,"comment_status":"closed","ping_status":"closed","template":"template-layout-builder.php","meta":{"_mi_skip_tracking":false,"footnotes":""},"class_list":["post-166","page","type-page","status-publish","hentry"],"acf":[],"aioseo_notices":[],"_links":{"self":[{"href":"https:\/\/wtdemo.link\/siyasi\/iyi1\/wp-json\/wp\/v2\/pages\/166","targetHints":{"allow":["GET"]}}],"collection":[{"href":"https:\/\/wtdemo.link\/siyasi\/iyi1\/wp-json\/wp\/v2\/pages"}],"about":[{"href":"https:\/\/wtdemo.link\/siyasi\/iyi1\/wp-json\/wp\/v2\/types\/page"}],"author":[{"embeddable":true,"href":"https:\/\/wtdemo.link\/siyasi\/iyi1\/wp-json\/wp\/v2\/users\/1"}],"replies":[{"embeddable":true,"href":"https:\/\/wtdemo.link\/siyasi\/iyi1\/wp-json\/wp\/v2\/comments?post=166"}],"version-history":[{"count":0,"href":"https:\/\/wtdemo.link\/siyasi\/iyi1\/wp-json\/wp\/v2\/pages\/166\/revisions"}],"wp:attachment":[{"href":"https:\/\/wtdemo.link\/siyasi\/iyi1\/wp-json\/wp\/v2\/media?parent=166"}],"curies":[{"name":"wp","href":"https:\/\/api.w.org\/{rel}","templated":true}]}}