{"id":76,"date":"2020-09-24T13:58:30","date_gmt":"2020-09-24T10:58:30","guid":{"rendered":"https:\/\/bslthemes.site\/arter\/?page_id=76"},"modified":"2023-03-21T00:46:25","modified_gmt":"2023-03-20T21:46:25","slug":"iletisim","status":"publish","type":"page","link":"https:\/\/wtdemo.link\/siyasi\/iyi1\/iletisim\/","title":{"rendered":"\u0130LET\u0130\u015e\u0130M"},"content":{"rendered":"\t\t<div data-elementor-type=\"wp-page\" data-elementor-id=\"76\" class=\"elementor elementor-76\">\n\t\t\t\t\t\t\t\t\t<section class=\"elementor-section elementor-top-section elementor-element elementor-element-6dfdb6d elementor-section-full_width elementor-section-height-default elementor-section-height-default\" data-id=\"6dfdb6d\" data-element_type=\"section\">\n\t\t\t\t\t\t<div class=\"elementor-container elementor-column-gap-no\">\n\t\t\t\t\t<div class=\"elementor-column elementor-col-100 elementor-top-column elementor-element elementor-element-3dad790\" data-id=\"3dad790\" data-element_type=\"column\">\n\t\t\t<div class=\"elementor-widget-wrap elementor-element-populated\">\n\t\t\t\t\t\t\t\t<div class=\"elementor-element elementor-element-d40b6fc elementor-widget elementor-widget-arter-contact-info\" data-id=\"d40b6fc\" data-element_type=\"widget\" data-widget_type=\"arter-contact-info.default\">\n\t\t\t\t<div class=\"elementor-widget-container\">\n\t\t\t\n\t\t<!-- container -->\n\t\t<div class=\"container-fluid\">\n\n\t\t<!-- row -->\n\t\t<div class=\"row\">\n\n\t\t  \t\t  <!-- col -->\n\t\t  <div class=\"col-lg-12\">\n\n\t\t    <!-- section title -->\n\t\t    <div class=\"art-section-title\">\n\t\t      <!-- title frame -->\n\t\t      <div class=\"art-title-frame\">\n\t\t        <!-- title -->\n\t\t        <h4 class=\"art-title-h\">\n\t\t    \t<span >\n\t\t          \t\u0130LET\u0130\u015e\u0130M B\u0130LG\u0130LER\u0130M\t\t         <\/span>\n\t\t    \t<\/h4>\n\t\t      <\/div>\n\t\t      <!-- title frame end -->\n\t\t    <\/div>\n\t\t    <!-- section title end -->\n\n\t\t  <\/div>\n\t\t  <!-- col end -->\n\t\t  \n\t\t  \t\t  \t\t  <!-- col -->\n\t\t  <div class=\"col-lg-4\">\n\t\t    <!-- contact card -->\n\t\t    <div class=\"art-a art-card\">\n\t\t      <div class=\"art-table p-15-15\">\n\t\t        <div >\n\t        \t\t<ul><li><strong>\u0130STANBUL OF\u0130S:<\/strong> Maslak AVM<\/li><li><strong>ANKARA OF\u0130S:<\/strong> TMBB\u00a0<\/li><\/ul>\t        \t<\/div>\n\t\t      <\/div>\n\t\t    <\/div>\n\t\t    <!-- contact card end -->\n\t\t  <\/div>\n\t\t  <!-- col end -->\n\t\t  \t\t  <!-- col -->\n\t\t  <div class=\"col-lg-4\">\n\t\t    <!-- contact card -->\n\t\t    <div class=\"art-a art-card\">\n\t\t      <div class=\"art-table p-15-15\">\n\t\t        <div >\n\t        \t\t<ul><li><strong>Email:<\/strong> info@mail.com<\/li><li><strong>Twitter:<\/strong> @twitter<\/li><li><strong>Instagram:<\/strong> @turkiye<\/li><\/ul>\t        \t<\/div>\n\t\t      <\/div>\n\t\t    <\/div>\n\t\t    <!-- contact card end -->\n\t\t  <\/div>\n\t\t  <!-- col end -->\n\t\t  \t\t  <!-- col -->\n\t\t  <div class=\"col-lg-4\">\n\t\t    <!-- contact card -->\n\t\t    <div class=\"art-a art-card\">\n\t\t      <div class=\"art-table p-15-15\">\n\t\t        <div >\n\t        \t\t<ul><li><strong>\u0130STANBUL TEL:<\/strong> +90 (098) 333 11 22<\/li><li><strong>ANKARA TEL:<\/strong> +90 (098) 326 11 22<\/li><li><strong>\u00d6ZEL KALEM:<\/strong> +90 (077) 114 26 53<\/li><\/ul>\t        \t<\/div>\n\t\t      <\/div>\n\t\t    <\/div>\n\t\t    <!-- contact card end -->\n\t\t  <\/div>\n\t\t  <!-- col end -->\n\t\t  \t\t  \n\t\t  <\/div>\n\t\t  <!-- row end -->\n\n\t\t<\/div>\n\t\t<!-- container end -->\n\n\t\t\t\t<\/div>\n\t\t\t\t<\/div>\n\t\t\t\t\t<\/div>\n\t\t<\/div>\n\t\t\t\t\t\t\t<\/div>\n\t\t<\/section>\n\t\t\t\t<section class=\"elementor-section elementor-top-section elementor-element elementor-element-409d73f elementor-section-full_width elementor-section-height-default elementor-section-height-default\" data-id=\"409d73f\" data-element_type=\"section\">\n\t\t\t\t\t\t<div class=\"elementor-container elementor-column-gap-no\">\n\t\t\t\t\t<div class=\"elementor-column elementor-col-100 elementor-top-column elementor-element elementor-element-a6352f3\" data-id=\"a6352f3\" data-element_type=\"column\">\n\t\t\t<div class=\"elementor-widget-wrap elementor-element-populated\">\n\t\t\t\t\t\t\t\t<div class=\"elementor-element elementor-element-01b88fc elementor-widget elementor-widget-arter-contact-form\" data-id=\"01b88fc\" data-element_type=\"widget\" data-widget_type=\"arter-contact-form.default\">\n\t\t\t\t<div class=\"elementor-widget-container\">\n\t\t\t\n\t\t<!-- container -->\n\t\t<div class=\"container-fluid\">\n\n\t\t<!-- row -->\n\t\t<div class=\"row\">\n\n\t\t  \t\t  <!-- col -->\n\t\t  <div class=\"col-lg-12\">\n\n\t\t    <!-- section title -->\n\t\t    <div class=\"art-section-title\">\n\t\t      <!-- title frame -->\n\t\t      <div class=\"art-title-frame\">\n\t\t        <!-- title -->\n\t\t        <h4 class=\"art-title-h\">\n\t\t    \t<span >\n\t\t          \t\u0130LET\u0130\u015e\u0130M FORMU\t\t         <\/span>\n\t\t    \t<\/h4>\n\t\t      <\/div>\n\t\t      <!-- title frame end -->\n\t\t    <\/div>\n\t\t    <!-- section title end -->\n\n\t\t  <\/div>\n\t\t  <!-- col end -->\n\t\t  \n\t\t  \t\t  <!-- col -->\n\t\t  <div class=\"col-lg-12\">\n\n\t\t  <!-- contact form frame -->\n\t\t  <div class=\"art-a art-card\">\n\t\t\t  \n<div class=\"wpcf7 no-js\" id=\"wpcf7-f80-o1\" lang=\"en-US\" dir=\"ltr\">\n<div class=\"screen-reader-response\"><p role=\"status\" aria-live=\"polite\" aria-atomic=\"true\"><\/p> <ul><\/ul><\/div>\n<form action=\"\/siyasi\/iyi1\/wp-json\/wp\/v2\/pages\/76#wpcf7-f80-o1\" method=\"post\" class=\"wpcf7-form init\" aria-label=\"Contact form\" novalidate=\"novalidate\" data-status=\"init\">\n<div style=\"display: none;\">\n<input type=\"hidden\" name=\"_wpcf7\" value=\"80\" \/>\n<input type=\"hidden\" name=\"_wpcf7_version\" value=\"5.7.4\" \/>\n<input type=\"hidden\" name=\"_wpcf7_locale\" value=\"en_US\" \/>\n<input type=\"hidden\" name=\"_wpcf7_unit_tag\" value=\"wpcf7-f80-o1\" \/>\n<input type=\"hidden\" name=\"_wpcf7_container_post\" value=\"0\" \/>\n<input type=\"hidden\" name=\"_wpcf7_posted_data_hash\" value=\"\" \/>\n<\/div>\n<!-- contact form -->\n<div class=\"art-contact-form\">\n\t<!-- form field -->\n\t<div class=\"art-form-field\">\n\t\t<!-- name input -->\n\t\t<span class=\"wpcf7-form-control-wrap\" data-name=\"your-name\"><input size=\"40\" class=\"wpcf7-form-control wpcf7-text wpcf7-validates-as-required art-input\" aria-required=\"true\" aria-invalid=\"false\" placeholder=\"Name\" value=\"\" type=\"text\" name=\"your-name\" \/><\/span>\n\t\t<!-- label -->\n\t\t<label><i class=\"fas fa-user\"><\/i><\/label>\n\t<\/div>\n\t<!-- form field end -->\n\t\n\t<!-- form field -->\n\t<div class=\"art-form-field\">\n\t\t<!-- email input -->\n\t\t<span class=\"wpcf7-form-control-wrap\" data-name=\"your-email\"><input size=\"40\" class=\"wpcf7-form-control wpcf7-text wpcf7-email wpcf7-validates-as-required wpcf7-validates-as-email art-input\" aria-required=\"true\" aria-invalid=\"false\" placeholder=\"Email\" value=\"\" type=\"email\" name=\"your-email\" \/><\/span>\n\t\t<!-- label -->\n\t\t<label><i class=\"fas fa-at\"><\/i><\/label>\n\t<\/div>\n\t<!-- form field end -->\n\t\n\t<!-- form field -->\n\t<div class=\"art-form-field\">\n\t\t<!-- message textarea -->\n\t\t<span class=\"wpcf7-form-control-wrap\" data-name=\"your-message\"><textarea cols=\"40\" rows=\"10\" class=\"wpcf7-form-control wpcf7-textarea wpcf7-validates-as-required art-input\" aria-required=\"true\" aria-invalid=\"false\" placeholder=\"Message\" name=\"your-message\"><\/textarea><\/span>\n\t\t<!-- label -->\n\t\t<label><i class=\"far fa-envelope\"><\/i><\/label>\n\t<\/div>\n\t<!-- form field end -->\n\t\n\t<!-- button -->\n\t<div class=\"art-submit-frame\">\n\t\t<button class=\"art-btn art-btn-md art-submit\" type=\"submit\"><span>Send message<\/span><\/button>\n\t<\/div>\n<\/div>\n<!-- contact form end --><div class=\"wpcf7-response-output\" aria-hidden=\"true\"><\/div>\n<\/form>\n<\/div>\n\t\t  <\/div>\n\t\t  <!-- contact form frame end -->\n\n\t\t  <\/div>\n\t\t  <!-- col end -->\n\t\t  \t\t\t\t\n\t\t<\/div>\n\t\t  <!-- row end -->\n\n\t\t<\/div>\n\t\t<!-- container end -->\t\t\t\n\n\t\t\t\t<\/div>\n\t\t\t\t<\/div>\n\t\t\t\t\t<\/div>\n\t\t<\/div>\n\t\t\t\t\t\t\t<\/div>\n\t\t<\/section>\n\t\t\t\t\t\t\t<\/div>\n\t\t","protected":false},"excerpt":{"rendered":"<p>\u0130LET\u0130\u015e\u0130M B\u0130LG\u0130LER\u0130M \u0130STANBUL OF\u0130S: Maslak AVM ANKARA OF\u0130S: TMBB Email: info@mail.com Twitter: @twitter Instagram: @turkiye \u0130STANBUL TEL: +90 (098) 333&#8230; <\/p>\n<div class=\"art-el-more\"><a href=\"https:\/\/wtdemo.link\/siyasi\/iyi1\/iletisim\/\" class=\"art-link art-color-link art-w-chevron\">Devam\u0131n\u0131 Oku<\/a><\/div>\n","protected":false},"author":1,"featured_media":0,"parent":0,"menu_order":0,"comment_status":"closed","ping_status":"closed","template":"template-layout-builder.php","meta":{"_mi_skip_tracking":false,"footnotes":""},"class_list":["post-76","page","type-page","status-publish","hentry"],"acf":[],"aioseo_notices":[],"_links":{"self":[{"href":"https:\/\/wtdemo.link\/siyasi\/iyi1\/wp-json\/wp\/v2\/pages\/76","targetHints":{"allow":["GET"]}}],"collection":[{"href":"https:\/\/wtdemo.link\/siyasi\/iyi1\/wp-json\/wp\/v2\/pages"}],"about":[{"href":"https:\/\/wtdemo.link\/siyasi\/iyi1\/wp-json\/wp\/v2\/types\/page"}],"author":[{"embeddable":true,"href":"https:\/\/wtdemo.link\/siyasi\/iyi1\/wp-json\/wp\/v2\/users\/1"}],"replies":[{"embeddable":true,"href":"https:\/\/wtdemo.link\/siyasi\/iyi1\/wp-json\/wp\/v2\/comments?post=76"}],"version-history":[{"count":4,"href":"https:\/\/wtdemo.link\/siyasi\/iyi1\/wp-json\/wp\/v2\/pages\/76\/revisions"}],"predecessor-version":[{"id":364,"href":"https:\/\/wtdemo.link\/siyasi\/iyi1\/wp-json\/wp\/v2\/pages\/76\/revisions\/364"}],"wp:attachment":[{"href":"https:\/\/wtdemo.link\/siyasi\/iyi1\/wp-json\/wp\/v2\/media?parent=76"}],"curies":[{"name":"wp","href":"https:\/\/api.w.org\/{rel}","templated":true}]}}