{"id":12176,"date":"2017-04-21T10:20:39","date_gmt":"2017-04-21T10:20:39","guid":{"rendered":"https:\/\/nex.vamtam.com\/?page_id=12176"},"modified":"2022-10-30T20:35:44","modified_gmt":"2022-10-30T17:35:44","slug":"urunlerimiz","status":"publish","type":"page","link":"https:\/\/wtdemo.link\/tekstil\/urunlerimiz","title":{"rendered":"\u00dcR\u00dcNLER\u0130M\u0130Z"},"content":{"rendered":"<div class=\"vgblk-rw-wrapper limit-wrapper\">\r\n<h2>\r\n\t\t\u00dcR\u00dcNLER\u0130M\u0130Z\r\n\t<\/h2>\r\n\t\t\t\t<a href=\"https:\/\/wtdemo.link\/tekstil\/orme-kumaslar\/waffle-kumas\" target=\"_self\" itemprop=\"url\" title=\"1\" rel=\"noopener\">\r\n\t\t\t\t\t\t\t<img decoding=\"async\" loading=\"lazy\" src=\"https:\/\/wtdemo.link\/tekstil\/wp-content\/uploads\/2022\/10\/1.png\" alt=\"1\" itemprop=\"image\" height=\"400\" width=\"400\" data-link-type=\"url\" title=\"1\" onerror=\"this.style.display='none'\"  sizes=\"auto, (max-width: 768px) 100vw, 100vw\" srcset=\"data:image\/svg+xml;utf8,&lt;svg%20xmlns=&quot;http:\/\/www.w3.org\/2000\/svg&quot;%20viewBox=&quot;0%200%20400%20400&quot;%20height=&quot;400px&quot;%20width=&quot;400px&quot;\/&gt;\" data-srcset=\"https:\/\/wtdemo.link\/tekstil\/wp-content\/uploads\/2022\/10\/1.png 400w, https:\/\/wtdemo.link\/tekstil\/wp-content\/uploads\/2022\/10\/1-300x300.png 300w, https:\/\/wtdemo.link\/tekstil\/wp-content\/uploads\/2022\/10\/1-150x150.png 150w, https:\/\/wtdemo.link\/tekstil\/wp-content\/uploads\/2022\/10\/1-315x315.png 315w, https:\/\/wtdemo.link\/tekstil\/wp-content\/uploads\/2022\/10\/1-100x100.png 100w\" \/>\t\t\t\t\t\t<\/a>\r\n\t\t\t\t<a href=\"https:\/\/wtdemo.link\/tekstil\/orme-kumaslar\/interlok-kumas\" target=\"_self\" itemprop=\"url\" title=\"5\" rel=\"noopener\">\r\n\t\t\t\t\t\t\t<img decoding=\"async\" loading=\"lazy\" src=\"https:\/\/wtdemo.link\/tekstil\/wp-content\/uploads\/2022\/10\/5.png\" alt=\"5\" itemprop=\"image\" height=\"400\" width=\"400\" data-link-type=\"url\" title=\"5\" onerror=\"this.style.display='none'\"  sizes=\"auto, (max-width: 768px) 100vw, 100vw\" srcset=\"data:image\/svg+xml;utf8,&lt;svg%20xmlns=&quot;http:\/\/www.w3.org\/2000\/svg&quot;%20viewBox=&quot;0%200%20400%20400&quot;%20height=&quot;400px&quot;%20width=&quot;400px&quot;\/&gt;\" data-srcset=\"https:\/\/wtdemo.link\/tekstil\/wp-content\/uploads\/2022\/10\/5.png 400w, https:\/\/wtdemo.link\/tekstil\/wp-content\/uploads\/2022\/10\/5-300x300.png 300w, https:\/\/wtdemo.link\/tekstil\/wp-content\/uploads\/2022\/10\/5-150x150.png 150w, https:\/\/wtdemo.link\/tekstil\/wp-content\/uploads\/2022\/10\/5-315x315.png 315w, https:\/\/wtdemo.link\/tekstil\/wp-content\/uploads\/2022\/10\/5-100x100.png 100w\" \/>\t\t\t\t\t\t<\/a>\r\n\t\t\t\t<a href=\"https:\/\/wtdemo.link\/tekstil\/orme-kumaslar\/suprem-kumas\" target=\"_self\" itemprop=\"url\" title=\"9\" rel=\"noopener\">\r\n\t\t\t\t\t\t\t<img decoding=\"async\" loading=\"lazy\" src=\"https:\/\/wtdemo.link\/tekstil\/wp-content\/uploads\/2022\/10\/9.png\" alt=\"9\" itemprop=\"image\" height=\"400\" width=\"400\" data-link-type=\"url\" title=\"9\" onerror=\"this.style.display='none'\"  sizes=\"auto, (max-width: 768px) 100vw, 100vw\" srcset=\"data:image\/svg+xml;utf8,&lt;svg%20xmlns=&quot;http:\/\/www.w3.org\/2000\/svg&quot;%20viewBox=&quot;0%200%20400%20400&quot;%20height=&quot;400px&quot;%20width=&quot;400px&quot;\/&gt;\" data-srcset=\"https:\/\/wtdemo.link\/tekstil\/wp-content\/uploads\/2022\/10\/9.png 400w, https:\/\/wtdemo.link\/tekstil\/wp-content\/uploads\/2022\/10\/9-300x300.png 300w, https:\/\/wtdemo.link\/tekstil\/wp-content\/uploads\/2022\/10\/9-150x150.png 150w, https:\/\/wtdemo.link\/tekstil\/wp-content\/uploads\/2022\/10\/9-315x315.png 315w, https:\/\/wtdemo.link\/tekstil\/wp-content\/uploads\/2022\/10\/9-100x100.png 100w\" \/>\t\t\t\t\t\t<\/a>\r\n\t\t\t\t<a href=\"https:\/\/wtdemo.link\/tekstil\/orme-kumaslar\/selanik-kumas\" target=\"_self\" itemprop=\"url\" title=\"2\" rel=\"noopener\">\r\n\t\t\t\t\t\t\t<img decoding=\"async\" loading=\"lazy\" src=\"https:\/\/wtdemo.link\/tekstil\/wp-content\/uploads\/2022\/10\/2.png\" alt=\"2\" itemprop=\"image\" height=\"400\" width=\"400\" data-link-type=\"url\" title=\"2\" onerror=\"this.style.display='none'\"  sizes=\"auto, (max-width: 768px) 100vw, 100vw\" srcset=\"data:image\/svg+xml;utf8,&lt;svg%20xmlns=&quot;http:\/\/www.w3.org\/2000\/svg&quot;%20viewBox=&quot;0%200%20400%20400&quot;%20height=&quot;400px&quot;%20width=&quot;400px&quot;\/&gt;\" data-srcset=\"https:\/\/wtdemo.link\/tekstil\/wp-content\/uploads\/2022\/10\/2.png 400w, https:\/\/wtdemo.link\/tekstil\/wp-content\/uploads\/2022\/10\/2-300x300.png 300w, https:\/\/wtdemo.link\/tekstil\/wp-content\/uploads\/2022\/10\/2-150x150.png 150w, https:\/\/wtdemo.link\/tekstil\/wp-content\/uploads\/2022\/10\/2-315x315.png 315w, https:\/\/wtdemo.link\/tekstil\/wp-content\/uploads\/2022\/10\/2-100x100.png 100w\" \/>\t\t\t\t\t\t<\/a>\r\n\t\t\t\t<a href=\"https:\/\/wtdemo.link\/tekstil\/orme-kumaslar\/kaskorse-kumas\" target=\"_self\" itemprop=\"url\" title=\"6\" rel=\"noopener\">\r\n\t\t\t\t\t\t\t<img decoding=\"async\" loading=\"lazy\" src=\"https:\/\/wtdemo.link\/tekstil\/wp-content\/uploads\/2022\/10\/6.png\" alt=\"6\" itemprop=\"image\" height=\"400\" width=\"400\" data-link-type=\"url\" title=\"6\" onerror=\"this.style.display='none'\"  sizes=\"auto, (max-width: 768px) 100vw, 100vw\" srcset=\"data:image\/svg+xml;utf8,&lt;svg%20xmlns=&quot;http:\/\/www.w3.org\/2000\/svg&quot;%20viewBox=&quot;0%200%20400%20400&quot;%20height=&quot;400px&quot;%20width=&quot;400px&quot;\/&gt;\" data-srcset=\"https:\/\/wtdemo.link\/tekstil\/wp-content\/uploads\/2022\/10\/6.png 400w, https:\/\/wtdemo.link\/tekstil\/wp-content\/uploads\/2022\/10\/6-300x300.png 300w, https:\/\/wtdemo.link\/tekstil\/wp-content\/uploads\/2022\/10\/6-150x150.png 150w, https:\/\/wtdemo.link\/tekstil\/wp-content\/uploads\/2022\/10\/6-315x315.png 315w, https:\/\/wtdemo.link\/tekstil\/wp-content\/uploads\/2022\/10\/6-100x100.png 100w\" \/>\t\t\t\t\t\t<\/a>\r\n\t\t\t\t<a href=\"https:\/\/wtdemo.link\/tekstil\/orme-kumaslar\/uc-iplik-kumas\" target=\"_self\" itemprop=\"url\" title=\"uc-iplik\" rel=\"noopener\">\r\n\t\t\t\t\t\t\t<img decoding=\"async\" loading=\"lazy\" src=\"https:\/\/wtdemo.link\/tekstil\/wp-content\/uploads\/2022\/10\/uc-iplik.png\" alt=\"uc-iplik\" itemprop=\"image\" height=\"400\" width=\"400\" data-link-type=\"url\" title=\"uc-iplik\" onerror=\"this.style.display='none'\"  sizes=\"auto, (max-width: 768px) 100vw, 100vw\" srcset=\"data:image\/svg+xml;utf8,&lt;svg%20xmlns=&quot;http:\/\/www.w3.org\/2000\/svg&quot;%20viewBox=&quot;0%200%20400%20400&quot;%20height=&quot;400px&quot;%20width=&quot;400px&quot;\/&gt;\" data-srcset=\"https:\/\/wtdemo.link\/tekstil\/wp-content\/uploads\/2022\/10\/uc-iplik.png 400w, https:\/\/wtdemo.link\/tekstil\/wp-content\/uploads\/2022\/10\/uc-iplik-300x300.png 300w, https:\/\/wtdemo.link\/tekstil\/wp-content\/uploads\/2022\/10\/uc-iplik-150x150.png 150w, https:\/\/wtdemo.link\/tekstil\/wp-content\/uploads\/2022\/10\/uc-iplik-315x315.png 315w, https:\/\/wtdemo.link\/tekstil\/wp-content\/uploads\/2022\/10\/uc-iplik-100x100.png 100w\" \/>\t\t\t\t\t\t<\/a>\r\n\t\t\t\t<a href=\"https:\/\/wtdemo.link\/tekstil\/orme-kumaslar\/pike-kumas\" target=\"_self\" itemprop=\"url\" title=\"3\" rel=\"noopener\">\r\n\t\t\t\t\t\t\t<img decoding=\"async\" loading=\"lazy\" src=\"https:\/\/wtdemo.link\/tekstil\/wp-content\/uploads\/2022\/10\/3.png\" alt=\"3\" itemprop=\"image\" height=\"400\" width=\"400\" data-link-type=\"url\" title=\"3\" onerror=\"this.style.display='none'\"  sizes=\"auto, (max-width: 768px) 100vw, 100vw\" srcset=\"data:image\/svg+xml;utf8,&lt;svg%20xmlns=&quot;http:\/\/www.w3.org\/2000\/svg&quot;%20viewBox=&quot;0%200%20400%20400&quot;%20height=&quot;400px&quot;%20width=&quot;400px&quot;\/&gt;\" data-srcset=\"https:\/\/wtdemo.link\/tekstil\/wp-content\/uploads\/2022\/10\/3.png 400w, https:\/\/wtdemo.link\/tekstil\/wp-content\/uploads\/2022\/10\/3-300x300.png 300w, https:\/\/wtdemo.link\/tekstil\/wp-content\/uploads\/2022\/10\/3-150x150.png 150w, https:\/\/wtdemo.link\/tekstil\/wp-content\/uploads\/2022\/10\/3-315x315.png 315w, https:\/\/wtdemo.link\/tekstil\/wp-content\/uploads\/2022\/10\/3-100x100.png 100w\" \/>\t\t\t\t\t\t<\/a>\r\n\t\t\t\t<a href=\"https:\/\/wtdemo.link\/tekstil\/orme-kumaslar\/waffle-kumas-copy-2\" target=\"_self\" itemprop=\"url\" title=\"7\" rel=\"noopener\">\r\n\t\t\t\t\t\t\t<img decoding=\"async\" loading=\"lazy\" src=\"https:\/\/wtdemo.link\/tekstil\/wp-content\/uploads\/2022\/10\/7.png\" alt=\"7\" itemprop=\"image\" height=\"400\" width=\"400\" data-link-type=\"url\" title=\"7\" onerror=\"this.style.display='none'\"  sizes=\"auto, (max-width: 768px) 100vw, 100vw\" srcset=\"data:image\/svg+xml;utf8,&lt;svg%20xmlns=&quot;http:\/\/www.w3.org\/2000\/svg&quot;%20viewBox=&quot;0%200%20400%20400&quot;%20height=&quot;400px&quot;%20width=&quot;400px&quot;\/&gt;\" data-srcset=\"https:\/\/wtdemo.link\/tekstil\/wp-content\/uploads\/2022\/10\/7.png 400w, https:\/\/wtdemo.link\/tekstil\/wp-content\/uploads\/2022\/10\/7-300x300.png 300w, https:\/\/wtdemo.link\/tekstil\/wp-content\/uploads\/2022\/10\/7-150x150.png 150w, https:\/\/wtdemo.link\/tekstil\/wp-content\/uploads\/2022\/10\/7-315x315.png 315w, https:\/\/wtdemo.link\/tekstil\/wp-content\/uploads\/2022\/10\/7-100x100.png 100w\" \/>\t\t\t\t\t\t<\/a>\r\n\t\t\t\t<a href=\"https:\/\/wtdemo.link\/tekstil\/orme-kumaslar\/iki-iplik-kumas\" target=\"_self\" itemprop=\"url\" title=\"iki-iplik-kumas\" rel=\"noopener\">\r\n\t\t\t\t\t\t\t<img decoding=\"async\" loading=\"lazy\" src=\"https:\/\/wtdemo.link\/tekstil\/wp-content\/uploads\/2022\/10\/iki-iplik-kumas.png\" alt=\"iki-iplik-kumas\" itemprop=\"image\" height=\"400\" width=\"400\" data-link-type=\"url\" title=\"iki-iplik-kumas\" onerror=\"this.style.display='none'\"  sizes=\"auto, (max-width: 768px) 100vw, 100vw\" srcset=\"data:image\/svg+xml;utf8,&lt;svg%20xmlns=&quot;http:\/\/www.w3.org\/2000\/svg&quot;%20viewBox=&quot;0%200%20400%20400&quot;%20height=&quot;400px&quot;%20width=&quot;400px&quot;\/&gt;\" data-srcset=\"https:\/\/wtdemo.link\/tekstil\/wp-content\/uploads\/2022\/10\/iki-iplik-kumas.png 400w, https:\/\/wtdemo.link\/tekstil\/wp-content\/uploads\/2022\/10\/iki-iplik-kumas-300x300.png 300w, https:\/\/wtdemo.link\/tekstil\/wp-content\/uploads\/2022\/10\/iki-iplik-kumas-150x150.png 150w, https:\/\/wtdemo.link\/tekstil\/wp-content\/uploads\/2022\/10\/iki-iplik-kumas-315x315.png 315w, https:\/\/wtdemo.link\/tekstil\/wp-content\/uploads\/2022\/10\/iki-iplik-kumas-100x100.png 100w\" \/>\t\t\t\t\t\t<\/a>\r\n\t\t\t\t<a href=\"https:\/\/wtdemo.link\/tekstil\/orme-kumaslar\/ottoman-kumas\" target=\"_self\" itemprop=\"url\" title=\"4\" rel=\"noopener\">\r\n\t\t\t\t\t\t\t<img decoding=\"async\" loading=\"lazy\" src=\"https:\/\/wtdemo.link\/tekstil\/wp-content\/uploads\/2022\/10\/4.png\" alt=\"4\" itemprop=\"image\" height=\"400\" width=\"400\" data-link-type=\"url\" title=\"4\" onerror=\"this.style.display='none'\"  sizes=\"auto, (max-width: 768px) 100vw, 100vw\" srcset=\"data:image\/svg+xml;utf8,&lt;svg%20xmlns=&quot;http:\/\/www.w3.org\/2000\/svg&quot;%20viewBox=&quot;0%200%20400%20400&quot;%20height=&quot;400px&quot;%20width=&quot;400px&quot;\/&gt;\" data-srcset=\"https:\/\/wtdemo.link\/tekstil\/wp-content\/uploads\/2022\/10\/4.png 400w, https:\/\/wtdemo.link\/tekstil\/wp-content\/uploads\/2022\/10\/4-300x300.png 300w, https:\/\/wtdemo.link\/tekstil\/wp-content\/uploads\/2022\/10\/4-150x150.png 150w, https:\/\/wtdemo.link\/tekstil\/wp-content\/uploads\/2022\/10\/4-315x315.png 315w, https:\/\/wtdemo.link\/tekstil\/wp-content\/uploads\/2022\/10\/4-100x100.png 100w\" \/>\t\t\t\t\t\t<\/a>\r\n\t\t\t\t<a href=\"https:\/\/wtdemo.link\/tekstil\/orme-kumaslar\/ribana-kumas\" target=\"_self\" itemprop=\"url\" title=\"8\" rel=\"noopener\">\r\n\t\t\t\t\t\t\t<img decoding=\"async\" loading=\"lazy\" src=\"https:\/\/wtdemo.link\/tekstil\/wp-content\/uploads\/2022\/10\/8.png\" alt=\"8\" itemprop=\"image\" height=\"400\" width=\"400\" data-link-type=\"url\" title=\"8\" onerror=\"this.style.display='none'\"  sizes=\"auto, (max-width: 768px) 100vw, 100vw\" srcset=\"data:image\/svg+xml;utf8,&lt;svg%20xmlns=&quot;http:\/\/www.w3.org\/2000\/svg&quot;%20viewBox=&quot;0%200%20400%20400&quot;%20height=&quot;400px&quot;%20width=&quot;400px&quot;\/&gt;\" data-srcset=\"https:\/\/wtdemo.link\/tekstil\/wp-content\/uploads\/2022\/10\/8.png 400w, https:\/\/wtdemo.link\/tekstil\/wp-content\/uploads\/2022\/10\/8-300x300.png 300w, https:\/\/wtdemo.link\/tekstil\/wp-content\/uploads\/2022\/10\/8-150x150.png 150w, https:\/\/wtdemo.link\/tekstil\/wp-content\/uploads\/2022\/10\/8-315x315.png 315w, https:\/\/wtdemo.link\/tekstil\/wp-content\/uploads\/2022\/10\/8-100x100.png 100w\" \/>\t\t\t\t\t\t<\/a>\r\n\t\t\t\t<a href=\"https:\/\/wtdemo.link\/tekstil\/orme-kumaslar\/havlu-kumas\" target=\"_self\" itemprop=\"url\" title=\"12\" rel=\"noopener\">\r\n\t\t\t\t\t\t\t<img decoding=\"async\" loading=\"lazy\" src=\"https:\/\/wtdemo.link\/tekstil\/wp-content\/uploads\/2022\/10\/12.png\" alt=\"12\" itemprop=\"image\" height=\"400\" width=\"400\" data-link-type=\"url\" title=\"12\" onerror=\"this.style.display='none'\"  sizes=\"auto, (max-width: 768px) 100vw, 100vw\" srcset=\"data:image\/svg+xml;utf8,&lt;svg%20xmlns=&quot;http:\/\/www.w3.org\/2000\/svg&quot;%20viewBox=&quot;0%200%20400%20400&quot;%20height=&quot;400px&quot;%20width=&quot;400px&quot;\/&gt;\" data-srcset=\"https:\/\/wtdemo.link\/tekstil\/wp-content\/uploads\/2022\/10\/12.png 400w, https:\/\/wtdemo.link\/tekstil\/wp-content\/uploads\/2022\/10\/12-300x300.png 300w, https:\/\/wtdemo.link\/tekstil\/wp-content\/uploads\/2022\/10\/12-150x150.png 150w, https:\/\/wtdemo.link\/tekstil\/wp-content\/uploads\/2022\/10\/12-315x315.png 315w, https:\/\/wtdemo.link\/tekstil\/wp-content\/uploads\/2022\/10\/12-100x100.png 100w\" \/>\t\t\t\t\t\t<\/a>\r\n\r\n<\/div><!-- .vgblk-rw-wrapper -->","protected":false},"excerpt":{"rendered":"<p>\u00dcR\u00dcNLER\u0130M\u0130Z<\/p>\n","protected":false},"author":1,"featured_media":0,"parent":0,"menu_order":0,"comment_status":"closed","ping_status":"closed","template":"","meta":{"inline_featured_image":false,"_price":"","_stock":"","_tribe_ticket_header":"","_tribe_default_ticket_provider":"","_tribe_ticket_capacity":"0","_ticket_start_date":"","_ticket_end_date":"","_tribe_ticket_show_description":"","_tribe_ticket_show_not_going":false,"_tribe_ticket_use_global_stock":"","_tribe_ticket_global_stock_level":"","_global_stock_mode":"","_global_stock_cap":"","_tribe_rsvp_for_event":"","_tribe_ticket_going_count":"","_tribe_ticket_not_going_count":"","_tribe_tickets_list":[],"_tribe_ticket_has_attendee_info_fields":false,"footnotes":""},"class_list":["post-12176","page","type-page","status-publish","hentry"],"yoast_head":"<!-- This site is optimized with the Yoast SEO plugin v19.8 - https:\/\/yoast.com\/wordpress\/plugins\/seo\/ -->\n<title>\u00dcR\u00dcNLER\u0130M\u0130Z - WT Tekstil<\/title>\n<meta name=\"robots\" content=\"index, follow, max-snippet:-1, max-image-preview:large, max-video-preview:-1\" \/>\n<link rel=\"canonical\" href=\"https:\/\/wtdemo.link\/tekstil\/urunlerimiz\" \/>\n<meta property=\"og:locale\" content=\"tr_TR\" \/>\n<meta property=\"og:type\" content=\"article\" \/>\n<meta property=\"og:title\" content=\"\u00dcR\u00dcNLER\u0130M\u0130Z - WT Tekstil\" \/>\n<meta property=\"og:description\" content=\"\u00dcR\u00dcNLER\u0130M\u0130Z\" \/>\n<meta property=\"og:url\" content=\"https:\/\/wtdemo.link\/tekstil\/urunlerimiz\" \/>\n<meta property=\"og:site_name\" content=\"WT Tekstil\" \/>\n<meta property=\"article:modified_time\" content=\"2022-10-30T17:35:44+00:00\" \/>\n<meta property=\"og:image\" content=\"https:\/\/wtdemo.link\/tekstil\/wp-content\/uploads\/2022\/10\/1.png\" \/>\n<meta name=\"twitter:card\" content=\"summary_large_image\" \/>\n<meta name=\"twitter:label1\" content=\"Tahmini okuma s\u00fcresi\" \/>\n\t<meta name=\"twitter:data1\" content=\"3 dakika\" \/>\n<script type=\"application\/ld+json\" class=\"yoast-schema-graph\">{\"@context\":\"https:\/\/schema.org\",\"@graph\":[{\"@type\":\"WebPage\",\"@id\":\"https:\/\/wtdemo.link\/tekstil\/urunlerimiz\",\"url\":\"https:\/\/wtdemo.link\/tekstil\/urunlerimiz\",\"name\":\"\u00dcR\u00dcNLER\u0130M\u0130Z - WT Tekstil\",\"isPartOf\":{\"@id\":\"https:\/\/wtdemo.link\/tekstil\/#website\"},\"datePublished\":\"2017-04-21T10:20:39+00:00\",\"dateModified\":\"2022-10-30T17:35:44+00:00\",\"breadcrumb\":{\"@id\":\"https:\/\/wtdemo.link\/tekstil\/urunlerimiz#breadcrumb\"},\"inLanguage\":\"tr\",\"potentialAction\":[{\"@type\":\"ReadAction\",\"target\":[\"https:\/\/wtdemo.link\/tekstil\/urunlerimiz\"]}]},{\"@type\":\"BreadcrumbList\",\"@id\":\"https:\/\/wtdemo.link\/tekstil\/urunlerimiz#breadcrumb\",\"itemListElement\":[{\"@type\":\"ListItem\",\"position\":1,\"name\":\"Home\",\"item\":\"https:\/\/wtdemo.link\/tekstil\/\"},{\"@type\":\"ListItem\",\"position\":2,\"name\":\"\u00dcR\u00dcNLER\u0130M\u0130Z\"}]},{\"@type\":\"WebSite\",\"@id\":\"https:\/\/wtdemo.link\/tekstil\/#website\",\"url\":\"https:\/\/wtdemo.link\/tekstil\/\",\"name\":\"WT Tekstil\",\"description\":\"\",\"publisher\":{\"@id\":\"https:\/\/wtdemo.link\/tekstil\/#organization\"},\"potentialAction\":[{\"@type\":\"SearchAction\",\"target\":{\"@type\":\"EntryPoint\",\"urlTemplate\":\"https:\/\/wtdemo.link\/tekstil\/?s={search_term_string}\"},\"query-input\":\"required name=search_term_string\"}],\"inLanguage\":\"tr\"},{\"@type\":\"Organization\",\"@id\":\"https:\/\/wtdemo.link\/tekstil\/#organization\",\"name\":\"WT Tekstil\",\"url\":\"https:\/\/wtdemo.link\/tekstil\/\",\"sameAs\":[],\"logo\":{\"@type\":\"ImageObject\",\"inLanguage\":\"tr\",\"@id\":\"https:\/\/wtdemo.link\/tekstil\/#\/schema\/logo\/image\/\",\"url\":\"https:\/\/wtdemo.link\/tekstil\/wp-content\/uploads\/2022\/10\/cropped-hak-logo.png\",\"contentUrl\":\"https:\/\/wtdemo.link\/tekstil\/wp-content\/uploads\/2022\/10\/cropped-hak-logo.png\",\"width\":304,\"height\":47,\"caption\":\"WT Tekstil\"},\"image\":{\"@id\":\"https:\/\/wtdemo.link\/tekstil\/#\/schema\/logo\/image\/\"}}]}<\/script>\n<!-- \/ Yoast SEO plugin. -->","yoast_head_json":{"title":"\u00dcR\u00dcNLER\u0130M\u0130Z - WT Tekstil","robots":{"index":"index","follow":"follow","max-snippet":"max-snippet:-1","max-image-preview":"max-image-preview:large","max-video-preview":"max-video-preview:-1"},"canonical":"https:\/\/wtdemo.link\/tekstil\/urunlerimiz","og_locale":"tr_TR","og_type":"article","og_title":"\u00dcR\u00dcNLER\u0130M\u0130Z - WT Tekstil","og_description":"\u00dcR\u00dcNLER\u0130M\u0130Z","og_url":"https:\/\/wtdemo.link\/tekstil\/urunlerimiz","og_site_name":"WT Tekstil","article_modified_time":"2022-10-30T17:35:44+00:00","og_image":[{"url":"https:\/\/wtdemo.link\/tekstil\/wp-content\/uploads\/2022\/10\/1.png"}],"twitter_card":"summary_large_image","twitter_misc":{"Tahmini okuma s\u00fcresi":"3 dakika"},"schema":{"@context":"https:\/\/schema.org","@graph":[{"@type":"WebPage","@id":"https:\/\/wtdemo.link\/tekstil\/urunlerimiz","url":"https:\/\/wtdemo.link\/tekstil\/urunlerimiz","name":"\u00dcR\u00dcNLER\u0130M\u0130Z - WT Tekstil","isPartOf":{"@id":"https:\/\/wtdemo.link\/tekstil\/#website"},"datePublished":"2017-04-21T10:20:39+00:00","dateModified":"2022-10-30T17:35:44+00:00","breadcrumb":{"@id":"https:\/\/wtdemo.link\/tekstil\/urunlerimiz#breadcrumb"},"inLanguage":"tr","potentialAction":[{"@type":"ReadAction","target":["https:\/\/wtdemo.link\/tekstil\/urunlerimiz"]}]},{"@type":"BreadcrumbList","@id":"https:\/\/wtdemo.link\/tekstil\/urunlerimiz#breadcrumb","itemListElement":[{"@type":"ListItem","position":1,"name":"Home","item":"https:\/\/wtdemo.link\/tekstil\/"},{"@type":"ListItem","position":2,"name":"\u00dcR\u00dcNLER\u0130M\u0130Z"}]},{"@type":"WebSite","@id":"https:\/\/wtdemo.link\/tekstil\/#website","url":"https:\/\/wtdemo.link\/tekstil\/","name":"WT Tekstil","description":"","publisher":{"@id":"https:\/\/wtdemo.link\/tekstil\/#organization"},"potentialAction":[{"@type":"SearchAction","target":{"@type":"EntryPoint","urlTemplate":"https:\/\/wtdemo.link\/tekstil\/?s={search_term_string}"},"query-input":"required name=search_term_string"}],"inLanguage":"tr"},{"@type":"Organization","@id":"https:\/\/wtdemo.link\/tekstil\/#organization","name":"WT Tekstil","url":"https:\/\/wtdemo.link\/tekstil\/","sameAs":[],"logo":{"@type":"ImageObject","inLanguage":"tr","@id":"https:\/\/wtdemo.link\/tekstil\/#\/schema\/logo\/image\/","url":"https:\/\/wtdemo.link\/tekstil\/wp-content\/uploads\/2022\/10\/cropped-hak-logo.png","contentUrl":"https:\/\/wtdemo.link\/tekstil\/wp-content\/uploads\/2022\/10\/cropped-hak-logo.png","width":304,"height":47,"caption":"WT Tekstil"},"image":{"@id":"https:\/\/wtdemo.link\/tekstil\/#\/schema\/logo\/image\/"}}]}},"_links":{"self":[{"href":"https:\/\/wtdemo.link\/tekstil\/wp-json\/wp\/v2\/pages\/12176","targetHints":{"allow":["GET"]}}],"collection":[{"href":"https:\/\/wtdemo.link\/tekstil\/wp-json\/wp\/v2\/pages"}],"about":[{"href":"https:\/\/wtdemo.link\/tekstil\/wp-json\/wp\/v2\/types\/page"}],"author":[{"embeddable":true,"href":"https:\/\/wtdemo.link\/tekstil\/wp-json\/wp\/v2\/users\/1"}],"replies":[{"embeddable":true,"href":"https:\/\/wtdemo.link\/tekstil\/wp-json\/wp\/v2\/comments?post=12176"}],"version-history":[{"count":2,"href":"https:\/\/wtdemo.link\/tekstil\/wp-json\/wp\/v2\/pages\/12176\/revisions"}],"predecessor-version":[{"id":987769,"href":"https:\/\/wtdemo.link\/tekstil\/wp-json\/wp\/v2\/pages\/12176\/revisions\/987769"}],"wp:attachment":[{"href":"https:\/\/wtdemo.link\/tekstil\/wp-json\/wp\/v2\/media?parent=12176"}],"curies":[{"name":"wp","href":"https:\/\/api.w.org\/{rel}","templated":true}]}}