{"id":1552,"date":"2021-03-30T19:04:24","date_gmt":"2021-03-30T19:04:24","guid":{"rendered":"http:\/\/wtdemo.link\/temizlik2\/portfolio-style-3-3-column\/"},"modified":"2021-05-16T21:35:39","modified_gmt":"2021-05-16T18:35:39","slug":"referanslarimiz","status":"publish","type":"page","link":"https:\/\/wtdemo.link\/temizlik2\/referanslarimiz\/","title":{"rendered":"REFERANSLARIMIZ"},"content":{"rendered":"\t\t<div data-elementor-type=\"wp-page\" data-elementor-id=\"1552\" class=\"elementor elementor-1552\" data-elementor-settings=\"[]\">\n\t\t\t\t\t\t\t<div class=\"elementor-section-wrap\">\n\t\t\t\t\t\t\t<section class=\"elementor-section elementor-top-section elementor-element elementor-element-56b52d75 elementor-section-boxed elementor-section-height-default elementor-section-height-default\" data-id=\"56b52d75\" data-element_type=\"section\">\n\t\t\t\t\t\t<div class=\"elementor-container elementor-column-gap-default\">\n\t\t\t\t\t<div class=\"elementor-column elementor-col-100 elementor-top-column elementor-element elementor-element-30984565\" data-id=\"30984565\" data-element_type=\"column\">\n\t\t\t<div class=\"elementor-widget-wrap elementor-element-populated\">\n\t\t\t\t\t\t\t\t<div class=\"elementor-element elementor-element-647a4a84 elementor-grid-3 elementor-grid-tablet-2 elementor-grid-mobile-1 elementor-widget elementor-widget-gyan_portfolio\" data-id=\"647a4a84\" data-element_type=\"widget\" data-settings=\"{&quot;columns&quot;:&quot;3&quot;,&quot;columns_tablet&quot;:&quot;2&quot;,&quot;columns_mobile&quot;:&quot;1&quot;}\" data-widget_type=\"gyan_portfolio.default\">\n\t\t\t\t<div class=\"elementor-widget-container\">\n\t\t\t        <div class=\"gyan-portfolio gyan-portfolio-647a4a84\"\n        data-layout=\"grid\" data-rtl=\"false\">\n\n            <div class=\"gyan-portfolio-btns\"><button class=\"gyan-portfolio-btn gyan-button is-checked\" data-filter=\"*\">All<\/button><button href=\"#\" class=\"gyan-portfolio-btn gyan-button\" data-filter=\".cat-14\" title=\"EV TEM\u0130ZL\u0130\u011e\u0130\">EV TEM\u0130ZL\u0130\u011e\u0130<\/button><button href=\"#\" class=\"gyan-portfolio-btn gyan-button\" data-filter=\".cat-17\" title=\"\u0130N\u015eAAT SONRASI TEM\u0130ZL\u0130K\">\u0130N\u015eAAT SONRASI TEM\u0130ZL\u0130K<\/button><button href=\"#\" class=\"gyan-portfolio-btn gyan-button\" data-filter=\".cat-13\" title=\"KURUMSAL F\u0130RMALAR\">KURUMSAL F\u0130RMALAR<\/button>\n<\/div>\n            <div class=\"gyan-portfolio-grid gyan-elementor-grid gyan-pf-style-3 gyan-pf-overlay-scale gyan-pf-content-center\" >\n                                    <div class=\"gyan-portfolio-item gyan-grid-item-wrap cat-14 cat-13\">\n                            <div class=\"gyan-portfolio-item-inner gyan-grid-item\">\n                                <div class=\"gyan-portfolio-img-holder\">\n    <img decoding=\"async\" src=\"https:\/\/wtdemo.link\/temizlik2\/wp-content\/uploads\/2021\/03\/pf1-670x670.jpg\" alt=\"\" \/>\n        <div class=\"gyan-portfolio-overlay gyan-overlay gyan-flex\">\n\n            \n                <div class=\"gyan-portfolio-hover-icons gyan-flex gyan-ease-transition\"><a class=\"elementor-clickable gyan-portfolio-zoom-icon gyan-ease-transition gyan-flex\" data-elementor-open-lightbox=\"yes\" data-elementor-lightbox-slideshow=\"647a4a84\" data-elementor-lightbox-index=\"0\" href=\"https:\/\/wtdemo.link\/temizlik2\/wp-content\/uploads\/2021\/03\/pf1.jpg\" ><span class=\"gyan-icon\"><i aria-hidden=\"true\" class=\"fas fa-plus\"><\/i><\/span><\/a><a href=\"https:\/\/wtdemo.link\/temizlik2\/portfolio-item\/referans-1\/\" class=\"gyan-portfolio-link-icon gyan-ease-transition gyan-flex\"><span class=\"gyan-icon\"><i aria-hidden=\"true\" class=\"fas fa-link\"><\/i><\/span><\/a><\/div>\n\n            \n\n        <\/div>\n\n     \n<\/div>\n<div class=\"clear\"><\/div>\n\n\n<div class=\"gyan-portfolio-all-content gyan-ease-transition\">\n\n        <div class=\"gyan-portfolio-content gyan-ease-transition\">\n\n                             <div class=\"gyan-portfolio-title\">\n                    <h4  class=\"gyan-portfolio-title-tag\">\n                                            <a href=\"https:\/\/wtdemo.link\/temizlik2\/portfolio-item\/referans-1\/\" class=\"gyan-portfolio-title-link\">\n                    \n                    REFERANS 1\n                                            <\/a>\n                                        <\/h4>\n                <\/div>\n            \n            <div class=\"gyan-portfolio-category\">EV TEM\u0130ZL\u0130\u011e\u0130, KURUMSAL F\u0130RMALAR<\/div>\n            \n        <\/div>\n<\/div>\n\n                            <\/div>\n                        <\/div>\n                                                    <div class=\"gyan-portfolio-item gyan-grid-item-wrap cat-14 cat-17\">\n                            <div class=\"gyan-portfolio-item-inner gyan-grid-item\">\n                                <div class=\"gyan-portfolio-img-holder\">\n    <img decoding=\"async\" src=\"https:\/\/wtdemo.link\/temizlik2\/wp-content\/uploads\/2021\/03\/pf2-670x670.jpg\" alt=\"\" \/>\n        <div class=\"gyan-portfolio-overlay gyan-overlay gyan-flex\">\n\n            \n                <div class=\"gyan-portfolio-hover-icons gyan-flex gyan-ease-transition\"><a class=\"elementor-clickable gyan-portfolio-zoom-icon gyan-ease-transition gyan-flex\" data-elementor-open-lightbox=\"yes\" data-elementor-lightbox-slideshow=\"647a4a84\" data-elementor-lightbox-index=\"1\" href=\"https:\/\/wtdemo.link\/temizlik2\/wp-content\/uploads\/2021\/03\/pf2.jpg\" ><span class=\"gyan-icon\"><i aria-hidden=\"true\" class=\"fas fa-plus\"><\/i><\/span><\/a><a href=\"https:\/\/wtdemo.link\/temizlik2\/portfolio-item\/referans-2\/\" class=\"gyan-portfolio-link-icon gyan-ease-transition gyan-flex\"><span class=\"gyan-icon\"><i aria-hidden=\"true\" class=\"fas fa-link\"><\/i><\/span><\/a><\/div>\n\n            \n\n        <\/div>\n\n     \n<\/div>\n<div class=\"clear\"><\/div>\n\n\n<div class=\"gyan-portfolio-all-content gyan-ease-transition\">\n\n        <div class=\"gyan-portfolio-content gyan-ease-transition\">\n\n                             <div class=\"gyan-portfolio-title\">\n                    <h4  class=\"gyan-portfolio-title-tag\">\n                                            <a href=\"https:\/\/wtdemo.link\/temizlik2\/portfolio-item\/referans-2\/\" class=\"gyan-portfolio-title-link\">\n                    \n                    REFERANS 2\n                                            <\/a>\n                                        <\/h4>\n                <\/div>\n            \n            <div class=\"gyan-portfolio-category\">EV TEM\u0130ZL\u0130\u011e\u0130, \u0130N\u015eAAT SONRASI TEM\u0130ZL\u0130K<\/div>\n            \n        <\/div>\n<\/div>\n\n                            <\/div>\n                        <\/div>\n                                                    <div class=\"gyan-portfolio-item gyan-grid-item-wrap cat-14 cat-17\">\n                            <div class=\"gyan-portfolio-item-inner gyan-grid-item\">\n                                <div class=\"gyan-portfolio-img-holder\">\n    <img decoding=\"async\" src=\"https:\/\/wtdemo.link\/temizlik2\/wp-content\/uploads\/2021\/03\/pf3-670x670.jpg\" alt=\"\" \/>\n        <div class=\"gyan-portfolio-overlay gyan-overlay gyan-flex\">\n\n            \n                <div class=\"gyan-portfolio-hover-icons gyan-flex gyan-ease-transition\"><a class=\"elementor-clickable gyan-portfolio-zoom-icon gyan-ease-transition gyan-flex\" data-elementor-open-lightbox=\"yes\" data-elementor-lightbox-slideshow=\"647a4a84\" data-elementor-lightbox-index=\"2\" href=\"https:\/\/wtdemo.link\/temizlik2\/wp-content\/uploads\/2021\/03\/pf3.jpg\" ><span class=\"gyan-icon\"><i aria-hidden=\"true\" class=\"fas fa-plus\"><\/i><\/span><\/a><a href=\"https:\/\/wtdemo.link\/temizlik2\/portfolio-item\/referans-3\/\" class=\"gyan-portfolio-link-icon gyan-ease-transition gyan-flex\"><span class=\"gyan-icon\"><i aria-hidden=\"true\" class=\"fas fa-link\"><\/i><\/span><\/a><\/div>\n\n            \n\n        <\/div>\n\n     \n<\/div>\n<div class=\"clear\"><\/div>\n\n\n<div class=\"gyan-portfolio-all-content gyan-ease-transition\">\n\n        <div class=\"gyan-portfolio-content gyan-ease-transition\">\n\n                             <div class=\"gyan-portfolio-title\">\n                    <h4  class=\"gyan-portfolio-title-tag\">\n                                            <a href=\"https:\/\/wtdemo.link\/temizlik2\/portfolio-item\/referans-3\/\" class=\"gyan-portfolio-title-link\">\n                    \n                    REFERANS 3\n                                            <\/a>\n                                        <\/h4>\n                <\/div>\n            \n            <div class=\"gyan-portfolio-category\">EV TEM\u0130ZL\u0130\u011e\u0130, \u0130N\u015eAAT SONRASI TEM\u0130ZL\u0130K<\/div>\n            \n        <\/div>\n<\/div>\n\n                            <\/div>\n                        <\/div>\n                                                    <div class=\"gyan-portfolio-item gyan-grid-item-wrap cat-14 cat-13\">\n                            <div class=\"gyan-portfolio-item-inner gyan-grid-item\">\n                                <div class=\"gyan-portfolio-img-holder\">\n    <img decoding=\"async\" src=\"https:\/\/wtdemo.link\/temizlik2\/wp-content\/uploads\/2021\/03\/pf4-670x670.jpg\" alt=\"\" \/>\n        <div class=\"gyan-portfolio-overlay gyan-overlay gyan-flex\">\n\n            \n                <div class=\"gyan-portfolio-hover-icons gyan-flex gyan-ease-transition\"><a class=\"elementor-clickable gyan-portfolio-zoom-icon gyan-ease-transition gyan-flex\" data-elementor-open-lightbox=\"yes\" data-elementor-lightbox-slideshow=\"647a4a84\" data-elementor-lightbox-index=\"3\" href=\"https:\/\/wtdemo.link\/temizlik2\/wp-content\/uploads\/2021\/03\/pf4.jpg\" ><span class=\"gyan-icon\"><i aria-hidden=\"true\" class=\"fas fa-plus\"><\/i><\/span><\/a><a href=\"https:\/\/wtdemo.link\/temizlik2\/portfolio-item\/referans-4\/\" class=\"gyan-portfolio-link-icon gyan-ease-transition gyan-flex\"><span class=\"gyan-icon\"><i aria-hidden=\"true\" class=\"fas fa-link\"><\/i><\/span><\/a><\/div>\n\n            \n\n        <\/div>\n\n     \n<\/div>\n<div class=\"clear\"><\/div>\n\n\n<div class=\"gyan-portfolio-all-content gyan-ease-transition\">\n\n        <div class=\"gyan-portfolio-content gyan-ease-transition\">\n\n                             <div class=\"gyan-portfolio-title\">\n                    <h4  class=\"gyan-portfolio-title-tag\">\n                                            <a href=\"https:\/\/wtdemo.link\/temizlik2\/portfolio-item\/referans-4\/\" class=\"gyan-portfolio-title-link\">\n                    \n                    REFERANS 4\n                                            <\/a>\n                                        <\/h4>\n                <\/div>\n            \n            <div class=\"gyan-portfolio-category\">EV TEM\u0130ZL\u0130\u011e\u0130, KURUMSAL F\u0130RMALAR<\/div>\n            \n        <\/div>\n<\/div>\n\n                            <\/div>\n                        <\/div>\n                                                    <div class=\"gyan-portfolio-item gyan-grid-item-wrap cat-14 cat-17\">\n                            <div class=\"gyan-portfolio-item-inner gyan-grid-item\">\n                                <div class=\"gyan-portfolio-img-holder\">\n    <img decoding=\"async\" src=\"https:\/\/wtdemo.link\/temizlik2\/wp-content\/uploads\/2021\/03\/pf5-670x670.jpg\" alt=\"\" \/>\n        <div class=\"gyan-portfolio-overlay gyan-overlay gyan-flex\">\n\n            \n                <div class=\"gyan-portfolio-hover-icons gyan-flex gyan-ease-transition\"><a class=\"elementor-clickable gyan-portfolio-zoom-icon gyan-ease-transition gyan-flex\" data-elementor-open-lightbox=\"yes\" data-elementor-lightbox-slideshow=\"647a4a84\" data-elementor-lightbox-index=\"4\" href=\"https:\/\/wtdemo.link\/temizlik2\/wp-content\/uploads\/2021\/03\/pf5.jpg\" ><span class=\"gyan-icon\"><i aria-hidden=\"true\" class=\"fas fa-plus\"><\/i><\/span><\/a><a href=\"https:\/\/wtdemo.link\/temizlik2\/portfolio-item\/viamus-vestibu\/\" class=\"gyan-portfolio-link-icon gyan-ease-transition gyan-flex\"><span class=\"gyan-icon\"><i aria-hidden=\"true\" class=\"fas fa-link\"><\/i><\/span><\/a><\/div>\n\n            \n\n        <\/div>\n\n     \n<\/div>\n<div class=\"clear\"><\/div>\n\n\n<div class=\"gyan-portfolio-all-content gyan-ease-transition\">\n\n        <div class=\"gyan-portfolio-content gyan-ease-transition\">\n\n                             <div class=\"gyan-portfolio-title\">\n                    <h4  class=\"gyan-portfolio-title-tag\">\n                                            <a href=\"https:\/\/wtdemo.link\/temizlik2\/portfolio-item\/viamus-vestibu\/\" class=\"gyan-portfolio-title-link\">\n                    \n                    REFERANS 5\n                                            <\/a>\n                                        <\/h4>\n                <\/div>\n            \n            <div class=\"gyan-portfolio-category\">EV TEM\u0130ZL\u0130\u011e\u0130, \u0130N\u015eAAT SONRASI TEM\u0130ZL\u0130K<\/div>\n            \n        <\/div>\n<\/div>\n\n                            <\/div>\n                        <\/div>\n                                                    <div class=\"gyan-portfolio-item gyan-grid-item-wrap cat-14 cat-17\">\n                            <div class=\"gyan-portfolio-item-inner gyan-grid-item\">\n                                <div class=\"gyan-portfolio-img-holder\">\n    <img decoding=\"async\" src=\"https:\/\/wtdemo.link\/temizlik2\/wp-content\/uploads\/2021\/03\/pf6-670x670.jpg\" alt=\"\" \/>\n        <div class=\"gyan-portfolio-overlay gyan-overlay gyan-flex\">\n\n            \n                <div class=\"gyan-portfolio-hover-icons gyan-flex gyan-ease-transition\"><a class=\"elementor-clickable gyan-portfolio-zoom-icon gyan-ease-transition gyan-flex\" data-elementor-open-lightbox=\"yes\" data-elementor-lightbox-slideshow=\"647a4a84\" data-elementor-lightbox-index=\"5\" href=\"https:\/\/wtdemo.link\/temizlik2\/wp-content\/uploads\/2021\/03\/pf6.jpg\" ><span class=\"gyan-icon\"><i aria-hidden=\"true\" class=\"fas fa-plus\"><\/i><\/span><\/a><a href=\"https:\/\/wtdemo.link\/temizlik2\/portfolio-item\/referans-6\/\" class=\"gyan-portfolio-link-icon gyan-ease-transition gyan-flex\"><span class=\"gyan-icon\"><i aria-hidden=\"true\" class=\"fas fa-link\"><\/i><\/span><\/a><\/div>\n\n            \n\n        <\/div>\n\n     \n<\/div>\n<div class=\"clear\"><\/div>\n\n\n<div class=\"gyan-portfolio-all-content gyan-ease-transition\">\n\n        <div class=\"gyan-portfolio-content gyan-ease-transition\">\n\n                             <div class=\"gyan-portfolio-title\">\n                    <h4  class=\"gyan-portfolio-title-tag\">\n                                            <a href=\"https:\/\/wtdemo.link\/temizlik2\/portfolio-item\/referans-6\/\" class=\"gyan-portfolio-title-link\">\n                    \n                    REFERANS 6\n                                            <\/a>\n                                        <\/h4>\n                <\/div>\n            \n            <div class=\"gyan-portfolio-category\">EV TEM\u0130ZL\u0130\u011e\u0130, \u0130N\u015eAAT SONRASI TEM\u0130ZL\u0130K<\/div>\n            \n        <\/div>\n<\/div>\n\n                            <\/div>\n                        <\/div>\n                                        <\/div><div class=\"clear\"><\/div>\n        <\/div>\n\n         \n        \t\t<\/div>\n\t\t\t\t<\/div>\n\t\t\t\t\t<\/div>\n\t\t<\/div>\n\t\t\t\t\t\t\t<\/div>\n\t\t<\/section>\n\t\t\t\t\t\t<\/div>\n\t\t\t\t\t<\/div>\n\t\t","protected":false},"excerpt":{"rendered":"<p>AllGraphicsMobileWeb Design Crasia tresnul Graphics, Mobile Sectet Adipisc Mobile, Web Design Fusce Pellente Mobile, Web Design Praese Risusqu Graphics, Mobile Viamus Vestibu Mobile, Web Design Crare Tristque Mobile, Web Design Nunces Dignis Graphics, Web Design Vestlum Auctor Graphics, Mobile Aliquam Tincid Graphics, Web Design<\/p>\n","protected":false},"author":1,"featured_media":0,"parent":0,"menu_order":0,"comment_status":"closed","ping_status":"closed","template":"elementor_header_footer","meta":{"footnotes":""},"class_list":["post-1552","page","type-page","status-publish","hentry"],"_links":{"self":[{"href":"https:\/\/wtdemo.link\/temizlik2\/wp-json\/wp\/v2\/pages\/1552"}],"collection":[{"href":"https:\/\/wtdemo.link\/temizlik2\/wp-json\/wp\/v2\/pages"}],"about":[{"href":"https:\/\/wtdemo.link\/temizlik2\/wp-json\/wp\/v2\/types\/page"}],"author":[{"embeddable":true,"href":"https:\/\/wtdemo.link\/temizlik2\/wp-json\/wp\/v2\/users\/1"}],"replies":[{"embeddable":true,"href":"https:\/\/wtdemo.link\/temizlik2\/wp-json\/wp\/v2\/comments?post=1552"}],"version-history":[{"count":1,"href":"https:\/\/wtdemo.link\/temizlik2\/wp-json\/wp\/v2\/pages\/1552\/revisions"}],"predecessor-version":[{"id":3109,"href":"https:\/\/wtdemo.link\/temizlik2\/wp-json\/wp\/v2\/pages\/1552\/revisions\/3109"}],"wp:attachment":[{"href":"https:\/\/wtdemo.link\/temizlik2\/wp-json\/wp\/v2\/media?parent=1552"}],"curies":[{"name":"wp","href":"https:\/\/api.w.org\/{rel}","templated":true}]}}