{"id":1590,"date":"2021-03-30T19:06:43","date_gmt":"2021-03-30T19:06:43","guid":{"rendered":"http:\/\/wtdemo.link\/temizlik2\/services\/"},"modified":"2021-05-17T01:07:24","modified_gmt":"2021-05-16T22:07:24","slug":"hizmetlerimiz","status":"publish","type":"page","link":"https:\/\/wtdemo.link\/temizlik2\/hizmetlerimiz\/","title":{"rendered":"H\u0130ZMETLER\u0130M\u0130Z"},"content":{"rendered":"\t\t<div data-elementor-type=\"wp-page\" data-elementor-id=\"1590\" class=\"elementor elementor-1590\" data-elementor-settings=\"[]\">\n\t\t\t\t\t\t\t<div class=\"elementor-section-wrap\">\n\t\t\t\t\t\t\t<section class=\"elementor-section elementor-top-section elementor-element elementor-element-5ab6263a elementor-section-stretched elementor-section-boxed elementor-section-height-default elementor-section-height-default\" data-id=\"5ab6263a\" data-element_type=\"section\" data-settings=\"{&quot;stretch_section&quot;:&quot;section-stretched&quot;,&quot;background_background&quot;:&quot;classic&quot;}\">\n\t\t\t\t\t\t<div class=\"elementor-container elementor-column-gap-no\">\n\t\t\t\t\t<div class=\"elementor-column elementor-col-100 elementor-top-column elementor-element elementor-element-ff1c9c9\" data-id=\"ff1c9c9\" data-element_type=\"column\">\n\t\t\t<div class=\"elementor-widget-wrap elementor-element-populated\">\n\t\t\t\t\t\t\t\t<div class=\"elementor-element elementor-element-3044453 elementor-grid-3 elementor-grid-tablet-2 elementor-grid-mobile-1 elementor-widget elementor-widget-gyan_services_full_text\" data-id=\"3044453\" data-element_type=\"widget\" data-settings=\"{&quot;columns&quot;:&quot;3&quot;,&quot;columns_tablet&quot;:&quot;2&quot;,&quot;columns_mobile&quot;:&quot;1&quot;}\" data-widget_type=\"gyan_services_full_text.default\">\n\t\t\t\t<div class=\"elementor-widget-container\">\n\t\t\t\n\t\t<div class=\"gyan-services-full-container gyan-services-full-container-3044453\" data-layout=\"grid\" data-rtl=\"false\">\n\n\t\t\t<div class=\"gyan-services-full-items gyan-elementor-grid\">\n\n\t\t\t\t\n\t\t\t\t\t<div class=\"gyan-service-full-item gyan-grid-item-wrap\">\n\t\t\t\t\t\t<div class=\"gyan-services-full gyan-grid-item gyan-ease-transition\">\n\t\t\t\t\t\t\t<div class=\"gyan-services-full-img\"><a href=\"https:\/\/wtdemo.link\/temizlik2\/hizmetlerimiz\/ev-temizligi\/\" class=\"gyan-service-full-link\"><img loading=\"lazy\" decoding=\"async\" width=\"667\" height=\"515\" src=\"https:\/\/wtdemo.link\/temizlik2\/wp-content\/uploads\/2021\/05\/2-3.png\" class=\"attachment-full size-full\" alt=\"\" srcset=\"https:\/\/wtdemo.link\/temizlik2\/wp-content\/uploads\/2021\/05\/2-3.png 667w, https:\/\/wtdemo.link\/temizlik2\/wp-content\/uploads\/2021\/05\/2-3-300x232.png 300w\" sizes=\"(max-width: 667px) 100vw, 667px\" \/><\/a><\/div><div class=\"gyan-services-full-content\"><div class=\"gyan-services-full-icon-wrap\"><div class=\"gyan-services-full-icon gyan-icon\"><img loading=\"lazy\" decoding=\"async\" width=\"577\" height=\"598\" src=\"https:\/\/wtdemo.link\/temizlik2\/wp-content\/uploads\/2021\/05\/clipart87460.png\" class=\"attachment-full size-full\" alt=\"\" srcset=\"https:\/\/wtdemo.link\/temizlik2\/wp-content\/uploads\/2021\/05\/clipart87460.png 577w, https:\/\/wtdemo.link\/temizlik2\/wp-content\/uploads\/2021\/05\/clipart87460-289x300.png 289w\" sizes=\"(max-width: 577px) 100vw, 577px\" \/><\/div><\/div><div class=\"gyan-services-full-title-desc\"><h6 class=\"gyan-services-full-title\"><a href=\"https:\/\/wtdemo.link\/temizlik2\/hizmetlerimiz\/ev-temizligi\/\" class=\"gyan-service-full-link\">EV TEM\u0130ZL\u0130\u011e\u0130<\/a><\/h6><div class=\"gyan-services-full-desc\">Lorem Ipsum, dizgi ve bask\u0131 end\u00fcstrisinde kullan\u0131lan m\u0131g\u0131r metinlerdir.<\/div><\/div><a href=\"https:\/\/wtdemo.link\/temizlik2\/hizmetlerimiz\/ev-temizligi\/\" class=\"gyan-service-full-link gyan-services-full-button gyan-ease-transition gyan-flex\"><span class=\"gyan-services-full-button-text\">Detaylar<\/span><span class=\"gyan-services-full-button-arrow\"><\/span><\/a><\/div>\t\t\t\t\t\t<\/div>\n\t\t\t\t\t\t<div class=\"clear\"><\/div>\n\t\t\t\t\t<\/div>\n\n\t\t\t\t \n\t\t\t\t\t<div class=\"gyan-service-full-item gyan-grid-item-wrap\">\n\t\t\t\t\t\t<div class=\"gyan-services-full gyan-grid-item gyan-ease-transition\">\n\t\t\t\t\t\t\t<div class=\"gyan-services-full-img\"><a href=\"https:\/\/wtdemo.link\/temizlik2\/hizmetlerimiz\/is-yeri-temizligi\/\" class=\"gyan-service-full-link\"><img loading=\"lazy\" decoding=\"async\" width=\"667\" height=\"515\" src=\"https:\/\/wtdemo.link\/temizlik2\/wp-content\/uploads\/2021\/05\/1.png\" class=\"attachment-full size-full\" alt=\"\" srcset=\"https:\/\/wtdemo.link\/temizlik2\/wp-content\/uploads\/2021\/05\/1.png 667w, https:\/\/wtdemo.link\/temizlik2\/wp-content\/uploads\/2021\/05\/1-300x232.png 300w\" sizes=\"(max-width: 667px) 100vw, 667px\" \/><\/a><\/div><div class=\"gyan-services-full-content\"><div class=\"gyan-services-full-icon-wrap\"><div class=\"gyan-services-full-icon gyan-icon\"><img loading=\"lazy\" decoding=\"async\" width=\"577\" height=\"598\" src=\"https:\/\/wtdemo.link\/temizlik2\/wp-content\/uploads\/2021\/05\/clipart87460.png\" class=\"attachment-full size-full\" alt=\"\" srcset=\"https:\/\/wtdemo.link\/temizlik2\/wp-content\/uploads\/2021\/05\/clipart87460.png 577w, https:\/\/wtdemo.link\/temizlik2\/wp-content\/uploads\/2021\/05\/clipart87460-289x300.png 289w\" sizes=\"(max-width: 577px) 100vw, 577px\" \/><\/div><\/div><div class=\"gyan-services-full-title-desc\"><h6 class=\"gyan-services-full-title\"><a href=\"https:\/\/wtdemo.link\/temizlik2\/hizmetlerimiz\/is-yeri-temizligi\/\" class=\"gyan-service-full-link\">\u0130\u015e YER\u0130 TEM\u0130ZL\u0130\u011e\u0130<\/a><\/h6><div class=\"gyan-services-full-desc\">Lorem Ipsum, dizgi ve bask\u0131 end\u00fcstrisinde kullan\u0131lan m\u0131g\u0131r metinlerdir.<\/div><\/div><a href=\"https:\/\/wtdemo.link\/temizlik2\/hizmetlerimiz\/is-yeri-temizligi\/\" class=\"gyan-service-full-link gyan-services-full-button gyan-ease-transition gyan-flex\"><span class=\"gyan-services-full-button-text\">Detaylar<\/span><span class=\"gyan-services-full-button-arrow\"><\/span><\/a><\/div>\t\t\t\t\t\t<\/div>\n\t\t\t\t\t\t<div class=\"clear\"><\/div>\n\t\t\t\t\t<\/div>\n\n\t\t\t\t \n\t\t\t\t\t<div class=\"gyan-service-full-item gyan-grid-item-wrap\">\n\t\t\t\t\t\t<div class=\"gyan-services-full gyan-grid-item gyan-ease-transition\">\n\t\t\t\t\t\t\t<div class=\"gyan-services-full-img\"><a href=\"https:\/\/wtdemo.link\/temizlik2\/hizmetlerimiz\/koltuk-yikama\/\" class=\"gyan-service-full-link\"><img loading=\"lazy\" decoding=\"async\" width=\"667\" height=\"515\" src=\"https:\/\/wtdemo.link\/temizlik2\/wp-content\/uploads\/2021\/05\/3.png\" class=\"attachment-full size-full\" alt=\"\" srcset=\"https:\/\/wtdemo.link\/temizlik2\/wp-content\/uploads\/2021\/05\/3.png 667w, https:\/\/wtdemo.link\/temizlik2\/wp-content\/uploads\/2021\/05\/3-300x232.png 300w\" sizes=\"(max-width: 667px) 100vw, 667px\" \/><\/a><\/div><div class=\"gyan-services-full-content\"><div class=\"gyan-services-full-icon-wrap\"><div class=\"gyan-services-full-icon gyan-icon\"><img loading=\"lazy\" decoding=\"async\" width=\"577\" height=\"598\" src=\"https:\/\/wtdemo.link\/temizlik2\/wp-content\/uploads\/2021\/05\/clipart87460.png\" class=\"attachment-full size-full\" alt=\"\" srcset=\"https:\/\/wtdemo.link\/temizlik2\/wp-content\/uploads\/2021\/05\/clipart87460.png 577w, https:\/\/wtdemo.link\/temizlik2\/wp-content\/uploads\/2021\/05\/clipart87460-289x300.png 289w\" sizes=\"(max-width: 577px) 100vw, 577px\" \/><\/div><\/div><div class=\"gyan-services-full-title-desc\"><h6 class=\"gyan-services-full-title\"><a href=\"https:\/\/wtdemo.link\/temizlik2\/hizmetlerimiz\/koltuk-yikama\/\" class=\"gyan-service-full-link\">KOLTUK YIKAMA<\/a><\/h6><div class=\"gyan-services-full-desc\">Lorem Ipsum, dizgi ve bask\u0131 end\u00fcstrisinde kullan\u0131lan m\u0131g\u0131r metinlerdir.<\/div><\/div><a href=\"https:\/\/wtdemo.link\/temizlik2\/hizmetlerimiz\/koltuk-yikama\/\" class=\"gyan-service-full-link gyan-services-full-button gyan-ease-transition gyan-flex\"><span class=\"gyan-services-full-button-text\">Detaylar<\/span><span class=\"gyan-services-full-button-arrow\"><\/span><\/a><\/div>\t\t\t\t\t\t<\/div>\n\t\t\t\t\t\t<div class=\"clear\"><\/div>\n\t\t\t\t\t<\/div>\n\n\t\t\t\t \n\t\t\t\t\t<div class=\"gyan-service-full-item gyan-grid-item-wrap\">\n\t\t\t\t\t\t<div class=\"gyan-services-full gyan-grid-item gyan-ease-transition\">\n\t\t\t\t\t\t\t<div class=\"gyan-services-full-img\"><a href=\"https:\/\/wtdemo.link\/temizlik2\/hizmetlerimiz\/ofis-temizligi\/\" class=\"gyan-service-full-link\"><img loading=\"lazy\" decoding=\"async\" width=\"667\" height=\"515\" src=\"https:\/\/wtdemo.link\/temizlik2\/wp-content\/uploads\/2021\/05\/5-2.png\" class=\"attachment-full size-full\" alt=\"\" srcset=\"https:\/\/wtdemo.link\/temizlik2\/wp-content\/uploads\/2021\/05\/5-2.png 667w, https:\/\/wtdemo.link\/temizlik2\/wp-content\/uploads\/2021\/05\/5-2-300x232.png 300w\" sizes=\"(max-width: 667px) 100vw, 667px\" \/><\/a><\/div><div class=\"gyan-services-full-content\"><div class=\"gyan-services-full-icon-wrap\"><div class=\"gyan-services-full-icon gyan-icon\"><img loading=\"lazy\" decoding=\"async\" width=\"577\" height=\"598\" src=\"https:\/\/wtdemo.link\/temizlik2\/wp-content\/uploads\/2021\/05\/clipart87460.png\" class=\"attachment-full size-full\" alt=\"\" srcset=\"https:\/\/wtdemo.link\/temizlik2\/wp-content\/uploads\/2021\/05\/clipart87460.png 577w, https:\/\/wtdemo.link\/temizlik2\/wp-content\/uploads\/2021\/05\/clipart87460-289x300.png 289w\" sizes=\"(max-width: 577px) 100vw, 577px\" \/><\/div><\/div><div class=\"gyan-services-full-title-desc\"><h6 class=\"gyan-services-full-title\"><a href=\"https:\/\/wtdemo.link\/temizlik2\/hizmetlerimiz\/ofis-temizligi\/\" class=\"gyan-service-full-link\">OF\u0130S TEM\u0130ZL\u0130\u011e\u0130<\/a><\/h6><div class=\"gyan-services-full-desc\">Lorem Ipsum, dizgi ve bask\u0131 end\u00fcstrisinde kullan\u0131lan m\u0131g\u0131r metinlerdir.<\/div><\/div><a href=\"https:\/\/wtdemo.link\/temizlik2\/hizmetlerimiz\/ofis-temizligi\/\" class=\"gyan-service-full-link gyan-services-full-button gyan-ease-transition gyan-flex\"><span class=\"gyan-services-full-button-text\">Detaylar<\/span><span class=\"gyan-services-full-button-arrow\"><\/span><\/a><\/div>\t\t\t\t\t\t<\/div>\n\t\t\t\t\t\t<div class=\"clear\"><\/div>\n\t\t\t\t\t<\/div>\n\n\t\t\t\t \n\t\t\t\t\t<div class=\"gyan-service-full-item gyan-grid-item-wrap\">\n\t\t\t\t\t\t<div class=\"gyan-services-full gyan-grid-item gyan-ease-transition\">\n\t\t\t\t\t\t\t<div class=\"gyan-services-full-img\"><a href=\"https:\/\/wtdemo.link\/temizlik2\/hizmetlerimiz\/insaat-sonrasi-temizlik\/\" class=\"gyan-service-full-link\"><img loading=\"lazy\" decoding=\"async\" width=\"667\" height=\"515\" src=\"https:\/\/wtdemo.link\/temizlik2\/wp-content\/uploads\/2021\/05\/4-2.png\" class=\"attachment-full size-full\" alt=\"\" srcset=\"https:\/\/wtdemo.link\/temizlik2\/wp-content\/uploads\/2021\/05\/4-2.png 667w, https:\/\/wtdemo.link\/temizlik2\/wp-content\/uploads\/2021\/05\/4-2-300x232.png 300w\" sizes=\"(max-width: 667px) 100vw, 667px\" \/><\/a><\/div><div class=\"gyan-services-full-content\"><div class=\"gyan-services-full-icon-wrap\"><div class=\"gyan-services-full-icon gyan-icon\"><img loading=\"lazy\" decoding=\"async\" width=\"577\" height=\"598\" src=\"https:\/\/wtdemo.link\/temizlik2\/wp-content\/uploads\/2021\/05\/clipart87460.png\" class=\"attachment-full size-full\" alt=\"\" srcset=\"https:\/\/wtdemo.link\/temizlik2\/wp-content\/uploads\/2021\/05\/clipart87460.png 577w, https:\/\/wtdemo.link\/temizlik2\/wp-content\/uploads\/2021\/05\/clipart87460-289x300.png 289w\" sizes=\"(max-width: 577px) 100vw, 577px\" \/><\/div><\/div><div class=\"gyan-services-full-title-desc\"><h6 class=\"gyan-services-full-title\"><a href=\"https:\/\/wtdemo.link\/temizlik2\/hizmetlerimiz\/insaat-sonrasi-temizlik\/\" class=\"gyan-service-full-link\">\u0130N\u015eAAT SONRASI TEM\u0130ZL\u0130K<\/a><\/h6><div class=\"gyan-services-full-desc\">Lorem Ipsum, dizgi ve bask\u0131 end\u00fcstrisinde kullan\u0131lan m\u0131g\u0131r metinlerdir.<\/div><\/div><a href=\"https:\/\/wtdemo.link\/temizlik2\/hizmetlerimiz\/insaat-sonrasi-temizlik\/\" class=\"gyan-service-full-link gyan-services-full-button gyan-ease-transition gyan-flex\"><span class=\"gyan-services-full-button-text\">Detaylar<\/span><span class=\"gyan-services-full-button-arrow\"><\/span><\/a><\/div>\t\t\t\t\t\t<\/div>\n\t\t\t\t\t\t<div class=\"clear\"><\/div>\n\t\t\t\t\t<\/div>\n\n\t\t\t\t \n\t\t\t\t\t<div class=\"gyan-service-full-item gyan-grid-item-wrap\">\n\t\t\t\t\t\t<div class=\"gyan-services-full gyan-grid-item gyan-ease-transition\">\n\t\t\t\t\t\t\t<div class=\"gyan-services-full-img\"><a href=\"#\" class=\"gyan-service-full-link\"><img loading=\"lazy\" decoding=\"async\" width=\"667\" height=\"515\" src=\"https:\/\/wtdemo.link\/temizlik2\/wp-content\/uploads\/2021\/05\/temizlik-sirketi2.png\" class=\"attachment-full size-full\" alt=\"\" srcset=\"https:\/\/wtdemo.link\/temizlik2\/wp-content\/uploads\/2021\/05\/temizlik-sirketi2.png 667w, https:\/\/wtdemo.link\/temizlik2\/wp-content\/uploads\/2021\/05\/temizlik-sirketi2-300x232.png 300w\" sizes=\"(max-width: 667px) 100vw, 667px\" \/><\/a><\/div><div class=\"gyan-services-full-content\"><div class=\"gyan-services-full-icon-wrap\"><div class=\"gyan-services-full-icon gyan-icon\"><img loading=\"lazy\" decoding=\"async\" width=\"577\" height=\"598\" src=\"https:\/\/wtdemo.link\/temizlik2\/wp-content\/uploads\/2021\/05\/clipart87460.png\" class=\"attachment-full size-full\" alt=\"\" srcset=\"https:\/\/wtdemo.link\/temizlik2\/wp-content\/uploads\/2021\/05\/clipart87460.png 577w, https:\/\/wtdemo.link\/temizlik2\/wp-content\/uploads\/2021\/05\/clipart87460-289x300.png 289w\" sizes=\"(max-width: 577px) 100vw, 577px\" \/><\/div><\/div><div class=\"gyan-services-full-title-desc\"><h6 class=\"gyan-services-full-title\"><a href=\"#\" class=\"gyan-service-full-link\">\u0130STANBUL TEM\u0130ZL\u0130K \u015e\u0130RKET\u0130<\/a><\/h6><div class=\"gyan-services-full-desc\">Lorem Ipsum, dizgi ve bask\u0131 end\u00fcstrisinde kullan\u0131lan m\u0131g\u0131r metinlerdir.<\/div><\/div><a href=\"#\" class=\"gyan-service-full-link gyan-services-full-button gyan-ease-transition gyan-flex\"><span class=\"gyan-services-full-button-text\">Detaylar<\/span><span class=\"gyan-services-full-button-arrow\"><\/span><\/a><\/div>\t\t\t\t\t\t<\/div>\n\t\t\t\t\t\t<div class=\"clear\"><\/div>\n\t\t\t\t\t<\/div>\n\n\t\t\t\t \n\t\t\t <\/div> <!-- gyan-services-full-items -->\n\t\t\t <div class=\"clear\"><\/div>\n\n\t\t<\/div>\n\n\t\t\t<\/div>\n\t\t\t\t<\/div>\n\t\t\t\t\t<\/div>\n\t\t<\/div>\n\t\t\t\t\t\t\t<\/div>\n\t\t<\/section>\n\t\t\t\t\t\t<\/div>\n\t\t\t\t\t<\/div>\n\t\t","protected":false},"excerpt":{"rendered":"<p>EV TEM\u0130ZL\u0130\u011e\u0130 Lorem Ipsum, dizgi ve bask\u0131 end\u00fcstrisinde kullan\u0131lan m\u0131g\u0131r metinlerdir.Detaylar \u0130\u015e YER\u0130 TEM\u0130ZL\u0130\u011e\u0130 Lorem Ipsum, dizgi ve bask\u0131 end\u00fcstrisinde kullan\u0131lan m\u0131g\u0131r metinlerdir.Detaylar KOLTUK YIKAMA Lorem Ipsum, dizgi ve bask\u0131 end\u00fcstrisinde kullan\u0131lan m\u0131g\u0131r metinlerdir.Detaylar OF\u0130S TEM\u0130ZL\u0130\u011e\u0130 Lorem Ipsum, dizgi ve bask\u0131 end\u00fcstrisinde kullan\u0131lan m\u0131g\u0131r metinlerdir.Detaylar \u0130N\u015eAAT SONRASI TEM\u0130ZL\u0130K Lorem Ipsum, [&hellip;]<\/p>\n","protected":false},"author":1,"featured_media":0,"parent":0,"menu_order":0,"comment_status":"closed","ping_status":"closed","template":"","meta":{"footnotes":""},"class_list":["post-1590","page","type-page","status-publish","hentry"],"_links":{"self":[{"href":"https:\/\/wtdemo.link\/temizlik2\/wp-json\/wp\/v2\/pages\/1590"}],"collection":[{"href":"https:\/\/wtdemo.link\/temizlik2\/wp-json\/wp\/v2\/pages"}],"about":[{"href":"https:\/\/wtdemo.link\/temizlik2\/wp-json\/wp\/v2\/types\/page"}],"author":[{"embeddable":true,"href":"https:\/\/wtdemo.link\/temizlik2\/wp-json\/wp\/v2\/users\/1"}],"replies":[{"embeddable":true,"href":"https:\/\/wtdemo.link\/temizlik2\/wp-json\/wp\/v2\/comments?post=1590"}],"version-history":[{"count":10,"href":"https:\/\/wtdemo.link\/temizlik2\/wp-json\/wp\/v2\/pages\/1590\/revisions"}],"predecessor-version":[{"id":3310,"href":"https:\/\/wtdemo.link\/temizlik2\/wp-json\/wp\/v2\/pages\/1590\/revisions\/3310"}],"wp:attachment":[{"href":"https:\/\/wtdemo.link\/temizlik2\/wp-json\/wp\/v2\/media?parent=1590"}],"curies":[{"name":"wp","href":"https:\/\/api.w.org\/{rel}","templated":true}]}}